{"id":440,"date":"2013-09-25T12:20:57","date_gmt":"2013-09-25T10:20:57","guid":{"rendered":"http:\/\/smk-art.de\/art\/?page_id=440"},"modified":"2025-11-17T15:28:34","modified_gmt":"2025-11-17T13:28:34","slug":"vita","status":"publish","type":"page","link":"https:\/\/smk-art.de\/art\/vita\/","title":{"rendered":"Vita"},"content":{"rendered":"\n<p>Nach dem erfolgreichen Abschluss als Diplom Designerin an der\u00a0<a href=\"https:\/\/www.uni-wuppertal.de\/de\/universitaet\/unsere-universitaet\/geschichte-der-universitaet\/aufbau-1973-1998\/\" target=\"_blank\" rel=\"noreferrer noopener\">staatlichen Universit\u00e4t Wuppertal<\/a>, vielen Berufsjahren als Art-Direktorin, und umfangreicher Dozentinnent\u00e4tigkeit, in der Erwachsenenbildung als auch in der Museumsp\u00e4dagogik, vervollst\u00e4ndigt Susanne M\u00fcller-K\u00f6lmel 2013 nach dem Kunst-Studium an der\u00a0Freien Akademie der bildenden K\u00fcnste\u00a0in Essen mit ausgezeichnetem Examen und Meisterabschluss ihre k\u00fcnstlerische Laufbahn. Die <strong>Bildende K\u00fcnstlerin<\/strong> arbeitet als Kuratorin, ist Vorstandsvorsitzende vom <a href=\"https:\/\/www.solingerkuenstler.de\" target=\"_blank\" rel=\"noreferrer noopener\">Verein\u00a0Solinger K\u00fcnstler e.V.<\/a>\u00a0, Mitglied\u00a0der <a href=\"https:\/\/www.gedok-wuppertal.de\/gedok-wuppertal-e-v\/\" target=\"_blank\" rel=\"noreferrer noopener\">GEDOK<\/a>, dem \u00e4ltesten und europaweit gr\u00f6\u00dften Netzwerk f\u00fcr K\u00fcnstlerinnen und seit 2024 Mitglied im <a href=\"https:\/\/vddk1844.de\/verein\/mitglieder\/\" target=\"_blank\" rel=\"noreferrer noopener\">VdDK 1844<\/a>, Verein der D\u00fcsseldorfer K\u00fcnstler zur gegenseitigen Unterst\u00fctzung und Hilfe, gegr. 1844. Sie ist Gr\u00fcndungsmitglied der K\u00fcnstlervereinigung 3Komma8, jetzt <a href=\"https:\/\/www.instagram.com\/fourplusartists\/\" target=\"_blank\" rel=\"noreferrer noopener\">four+<\/a> (NRW). Susanne M\u00fcller-K\u00f6lmel verf\u00fcgt \u00fcber eine langj\u00e4hrige nationale und internationale Ausstellungserfahrung. Sie\u00a0 hat an Ausstellungen in Europa, Amerika, Nordafrika und Vorderasien teilgenommen. Ihre Werke befinden sich im privaten und \u00f6ffentlichen Besitz.<\/p>\n\n\n\n<p><strong>2023<\/strong><\/p>\n\n\n\n<p>Nominiert f\u00fcr den  \u201e<a rel=\"noreferrer noopener\" href=\"https:\/\/www.cityartists.de\/susanne-muller-kolmel\" target=\"_blank\">CityARTist 2023<\/a>\u201c Preis<\/p>\n\n\n\n<p class=\"has-black-color has-text-color\"><strong>2022<\/strong><\/p>\n\n\n\n<p>Lehrauftrag &#8211; Praxisseminare f\u00fcr Lehrer*innenfortbildungen an der fadbk\/HBK Wuppertal und Weiterbildungsinstitut Campus Essen<\/p>\n\n\n\n<p>Mitglied in der <a href=\"https:\/\/www.gedok-wuppertal.de\/gedok-wuppertal-e-v\/\" target=\"_blank\" rel=\"noreferrer noopener\">GEDOK Wuppertal e.V.<\/a><\/p>\n\n\n\n<p>Stipendium f\u00fcr K\u00fcnstler*innen zum Ausgleich von Nachteilen im Zusammenhang mit dem Ausbruch von Covid-19 im Jahr 2022, &#8222;once upon a time&#8220;<\/p>\n\n\n\n<h4 class=\"wp-block-heading\">2021<\/h4>\n\n\n\n<p>Stipendium f\u00fcr K\u00fcnstler*innen zum Ausgleich von Nachteilen im Zusammenhang mit dem Ausbruch von Covid-19 im Jahr 2021:&nbsp; &#8222;Stell Dich mitten in den Regen, den Wind, das Feuer&#8220; &#8211; interdisziplin\u00e4re Arbeit im kulturellen Austausch<\/p>\n\n\n\n<h4 class=\"wp-block-heading\"><strong>2020<\/strong><\/h4>\n\n\n\n<p>Stipendium f\u00fcr K\u00fcnstler*innen zum Ausgleich von Nachteilen im Zusammenhang mit dem Ausbruch von Covid-19 im Jahr 2020:&nbsp; \u201ein clausura-st\u00fcrmische Zeiten-Telpost \/\/ greed and feed\u201c<\/p>\n\n\n\n<h4 class=\"wp-block-heading\">2019<\/h4>\n\n\n\n<p><a href=\"https:\/\/fadbk.de\/akademie\/lehrende\/\">Lehrauftrag<\/a> an der freien Akademie der bildenden K\u00fcnste, <a rel=\"noreferrer noopener\" href=\"https:\/\/fadbk.de\/fortbildung\/lehrerfortbildungen\" target=\"_blank\">fadbk<\/a> Essen. <\/p>\n\n\n\n<h4 class=\"wp-block-heading\">2017<\/h4>\n\n\n\n<p>Erste Vorsitzende <a rel=\"noreferrer noopener\" href=\"https:\/\/www.solingerkuenstler.de\" target=\"_blank\">Verein Solinger K\u00fcnstler SK e.V.&nbsp;<\/a><\/p>\n\n\n\n<p>DiKubi-Trainerin f\u00fcr Diversit\u00e4tsbewusste Kulturelle Bildung.&nbsp;<a href=\"https:\/\/kulturellebildung.de\" target=\"_blank\" rel=\"noreferrer noopener\">Akademie der kulturellen Bildung des Bundes und des Landes NRW.<\/a><\/p>\n\n\n\n<h4 class=\"wp-block-heading\">2013<\/h4>\n\n\n\n<p><strong>Meisterabschluss<\/strong> der Akademie<\/p>\n\n\n\n<p>bei Stephan Paul Schneider, Wolfgang Hambrecht, Nicola Schrudde.<\/p>\n\n\n\n<h4 class=\"wp-block-heading\">2012<\/h4>\n\n\n\n<p>nominiert f\u00fcr den Essener F\u00f6rderpreis<\/p>\n\n\n\n<p>2012, 2013, 2014, 2015, 2016, 2017, 2018, 2019, 2020, 2021, 2022, 2023 Kultur und Schule, Landesprogramm NRW<\/p>\n\n\n\n<h4 class=\"wp-block-heading\">2009 \u2013 13 <\/h4>\n\n\n\n<p><strong>Bildende K\u00fcnstlerin<\/strong><\/p>\n\n\n\n<p>Studium&nbsp;Malerei\/Grafik\/interdisziplin\u00e4re Arbeit&nbsp;&nbsp;an der <a href=\"https:\/\/fadbk.de\">fadbk<\/a>, Essen<\/p>\n\n\n\n<p>Abschluss mit Auszeichnung<\/p>\n\n\n\n<p>Stipendium der fadbk<\/p>\n\n\n\n<h4 class=\"wp-block-heading\">2007<\/h4>\n\n\n\n<p>Mitglied <a href=\"https:\/\/www.solingerkuenstler.de\" target=\"_blank\" rel=\"noreferrer noopener\">Verein SolingerK\u00fcnstler e.V.<\/a><\/p>\n\n\n\n<p>Mitglied <a href=\"https:\/\/frauenmuseum.de\" target=\"_blank\" rel=\"noreferrer noopener\">Frauenmuseum Bonn<\/a>, Kunst, Kultur, Forschung e.V.<\/p>\n\n\n\n<h4 class=\"wp-block-heading\">1995<\/h4>\n\n\n\n<p>freie k\u00fcnstlerische T\u00e4tigkeit<\/p>\n\n\n\n<h4 class=\"wp-block-heading\">1982-1989<\/h4>\n\n\n\n<p>Studium <span style=\"font-weight: 600;\">Kommunikationsdesign a<\/span>n der Universit\u00e4t GHS\/Wuppertal<br>bei G\u00fcnther Kieser, Siegfried Maser, Bazon Brock<\/p>\n\n\n\n<p><strong>Diplom Designerin<\/strong><\/p>\n\n\n\n<p><strong>GALERIEN\/ AGENTUREN:<\/strong><\/p>\n\n\n\n<p><a href=\"https:\/\/galerie-am-stall-hude.de\/kuenstler\/\" target=\"_blank\" rel=\"noreferrer noopener\">Galerie am Stall&nbsp;<\/a>\/Hude<\/p>\n\n\n\n<p><a href=\"https:\/\/www.galerie-augarde.de\/kuenstler\/\" target=\"_blank\" rel=\"noreferrer noopener\">Galerie Augarde<\/a>&nbsp;\/Daun<\/p>\n\n\n\n<p><strong>MITGLIEDSCHAFTEN:<\/strong><\/p>\n\n\n\n<p><a href=\"https:\/\/www.solingerkuenstler.de\" target=\"_blank\" rel=\"noreferrer noopener\">Verein SOLINGER K\u00dcNSTLER e.V.<\/a><\/p>\n\n\n\n<p><a href=\"https:\/\/www.gedok-wuppertal.de\/bildende-kunst\/\" target=\"_blank\" rel=\"noreferrer noopener\">GEDOK Wuppertal<\/a><\/p>\n\n\n\n<p><a href=\"https:\/\/www.bildkunst.de\" target=\"_blank\" rel=\"noreferrer noopener\">VG Bild\/Kunst<\/a><\/p>\n\n\n\n<p><a href=\"https:\/\/vddk1844.de\/verein\/mitglieder\/\" target=\"_blank\" rel=\"noreferrer noopener\">VdDK1844 \/ VzVvK <\/a><\/p>\n","protected":false},"excerpt":{"rendered":"<p>Nach dem erfolgreichen Abschluss als Diplom Designerin an der\u00a0staatlichen Universit\u00e4t Wuppertal, vielen Berufsjahren als Art-Direktorin, und umfangreicher Dozentinnent\u00e4tigkeit, in der Erwachsenenbildung als auch in der Museumsp\u00e4dagogik, vervollst\u00e4ndigt Susanne M\u00fcller-K\u00f6lmel 2013 nach dem Kunst-Studium an der\u00a0Freien Akademie der bildenden K\u00fcnste\u00a0in Essen mit ausgezeichnetem Examen und Meisterabschluss ihre k\u00fcnstlerische Laufbahn. Die Bildende K\u00fcnstlerin arbeitet als Kuratorin, ist [&hellip;]<\/p>\n","protected":false},"author":2,"featured_media":0,"parent":0,"menu_order":0,"comment_status":"closed","ping_status":"closed","template":"","meta":{"_uag_custom_page_level_css":"","pgc_sgb_lightbox_settings":"","ocean_post_layout":"","ocean_both_sidebars_style":"","ocean_both_sidebars_content_width":0,"ocean_both_sidebars_sidebars_width":0,"ocean_sidebar":"0","ocean_second_sidebar":"0","ocean_disable_margins":"enable","ocean_add_body_class":"","ocean_shortcode_before_top_bar":"","ocean_shortcode_after_top_bar":"","ocean_shortcode_before_header":"","ocean_shortcode_after_header":"","ocean_has_shortcode":"","ocean_shortcode_after_title":"","ocean_shortcode_before_footer_widgets":"","ocean_shortcode_after_footer_widgets":"","ocean_shortcode_before_footer_bottom":"","ocean_shortcode_after_footer_bottom":"","ocean_display_top_bar":"default","ocean_display_header":"default","ocean_header_style":"","ocean_center_header_left_menu":"0","ocean_custom_header_template":"0","ocean_custom_logo":0,"ocean_custom_retina_logo":0,"ocean_custom_logo_max_width":0,"ocean_custom_logo_tablet_max_width":0,"ocean_custom_logo_mobile_max_width":0,"ocean_custom_logo_max_height":0,"ocean_custom_logo_tablet_max_height":0,"ocean_custom_logo_mobile_max_height":0,"ocean_header_custom_menu":"0","ocean_menu_typo_font_family":"0","ocean_menu_typo_font_subset":"","ocean_menu_typo_font_size":0,"ocean_menu_typo_font_size_tablet":0,"ocean_menu_typo_font_size_mobile":0,"ocean_menu_typo_font_size_unit":"px","ocean_menu_typo_font_weight":"","ocean_menu_typo_font_weight_tablet":"","ocean_menu_typo_font_weight_mobile":"","ocean_menu_typo_transform":"","ocean_menu_typo_transform_tablet":"","ocean_menu_typo_transform_mobile":"","ocean_menu_typo_line_height":0,"ocean_menu_typo_line_height_tablet":0,"ocean_menu_typo_line_height_mobile":0,"ocean_menu_typo_line_height_unit":"","ocean_menu_typo_spacing":0,"ocean_menu_typo_spacing_tablet":0,"ocean_menu_typo_spacing_mobile":0,"ocean_menu_typo_spacing_unit":"","ocean_menu_link_color":"","ocean_menu_link_color_hover":"","ocean_menu_link_color_active":"","ocean_menu_link_background":"","ocean_menu_link_hover_background":"","ocean_menu_link_active_background":"","ocean_menu_social_links_bg":"","ocean_menu_social_hover_links_bg":"","ocean_menu_social_links_color":"","ocean_menu_social_hover_links_color":"","ocean_disable_title":"default","ocean_disable_heading":"default","ocean_post_title":"","ocean_post_subheading":"","ocean_post_title_style":"","ocean_post_title_background_color":"","ocean_post_title_background":0,"ocean_post_title_bg_image_position":"","ocean_post_title_bg_image_attachment":"","ocean_post_title_bg_image_repeat":"","ocean_post_title_bg_image_size":"","ocean_post_title_height":0,"ocean_post_title_bg_overlay":0.5,"ocean_post_title_bg_overlay_color":"","ocean_disable_breadcrumbs":"default","ocean_breadcrumbs_color":"","ocean_breadcrumbs_separator_color":"","ocean_breadcrumbs_links_color":"","ocean_breadcrumbs_links_hover_color":"","ocean_display_footer_widgets":"default","ocean_display_footer_bottom":"default","ocean_custom_footer_template":"0","footnotes":""},"class_list":["post-440","page","type-page","status-publish","hentry","entry"],"featured_image_src":null,"uagb_featured_image_src":{"full":false,"thumbnail":false,"medium":false,"medium_large":false,"large":false,"1536x1536":false,"2048x2048":false,"ocean-thumb-m":false,"ocean-thumb-ml":false,"ocean-thumb-l":false},"uagb_author_info":{"display_name":"Susanne M\u00fcller-K\u00f6lmel","author_link":"https:\/\/smk-art.de\/art\/author\/susanne\/"},"uagb_comment_info":0,"uagb_excerpt":"Nach dem erfolgreichen Abschluss als Diplom Designerin an der\u00a0staatlichen Universit\u00e4t Wuppertal, vielen Berufsjahren als Art-Direktorin, und umfangreicher Dozentinnent\u00e4tigkeit, in der Erwachsenenbildung als auch in der Museumsp\u00e4dagogik, vervollst\u00e4ndigt Susanne M\u00fcller-K\u00f6lmel 2013 nach dem Kunst-Studium an der\u00a0Freien Akademie der bildenden K\u00fcnste\u00a0in Essen mit ausgezeichnetem Examen und Meisterabschluss ihre k\u00fcnstlerische Laufbahn. Die Bildende K\u00fcnstlerin arbeitet als Kuratorin, ist&hellip;","_links":{"self":[{"href":"https:\/\/smk-art.de\/art\/wp-json\/wp\/v2\/pages\/440","targetHints":{"allow":["GET"]}}],"collection":[{"href":"https:\/\/smk-art.de\/art\/wp-json\/wp\/v2\/pages"}],"about":[{"href":"https:\/\/smk-art.de\/art\/wp-json\/wp\/v2\/types\/page"}],"author":[{"embeddable":true,"href":"https:\/\/smk-art.de\/art\/wp-json\/wp\/v2\/users\/2"}],"replies":[{"embeddable":true,"href":"https:\/\/smk-art.de\/art\/wp-json\/wp\/v2\/comments?post=440"}],"version-history":[{"count":130,"href":"https:\/\/smk-art.de\/art\/wp-json\/wp\/v2\/pages\/440\/revisions"}],"predecessor-version":[{"id":8390,"href":"https:\/\/smk-art.de\/art\/wp-json\/wp\/v2\/pages\/440\/revisions\/8390"}],"wp:attachment":[{"href":"https:\/\/smk-art.de\/art\/wp-json\/wp\/v2\/media?parent=440"}],"curies":[{"name":"wp","href":"https:\/\/api.w.org\/{rel}","templated":true}]}}