{"id":45,"date":"2013-07-09T16:15:13","date_gmt":"2013-07-09T14:15:13","guid":{"rendered":"http:\/\/smk-art.de\/art\/?page_id=45"},"modified":"2022-08-16T20:40:01","modified_gmt":"2022-08-16T18:40:01","slug":"kontakt","status":"publish","type":"page","link":"https:\/\/smk-art.de\/art\/kontakt\/","title":{"rendered":"Kontakt"},"content":{"rendered":"\n<p>Susanne M\u00fcller-K\u00f6lmel<br>arbeitet in Solingen und D\u00fcsseldorf<\/p>\n\n\n\n<p>Susanne M\u00fcller-K\u00f6lmel<br>Telefon: 0212-2471419<br>Mobil: 0160-4550185<br>E-Mail:&nbsp;<a href=\"mailto:susanne@mueller-koelmel.de\">susanne@mueller-koelmel.de<\/a><\/p>\n\n\n\n<h3 class=\"wp-block-heading\">Ateliers<\/h3>\n\n\n\n<p>Schlicker Weg 21<br>42659 Solingen<br>__________<\/p>\n\n\n\n<p>Ackerstra\u00dfe 15 (im Hof)<br>40233 D\u00fcsseldorf<\/p>\n\n\n<div class=\"wp-block-ub-content-toggle wp-block-ub-content-toggle-block\" id=\"ub-content-toggle-block-7d9b9d00-fb5d-4ed3-9639-369401c112ce\" data-mobilecollapse=\"true\" data-desktopcollapse=\"true\" data-preventcollapse=\"false\" data-showonlyone=\"false\">\n<div class=\"wp-block-ub-content-toggle-accordion\" style=\"border-color: #f1f1f1;\" id=\"ub-content-toggle-panel-block-\">\n\t\t\t<div class=\"wp-block-ub-content-toggle-accordion-title-wrap\" style=\"background-color: #f1f1f1;\" aria-controls=\"ub-content-toggle-panel-0-7d9b9d00-fb5d-4ed3-9639-369401c112ce\" tabindex=\"0\">\n\t\t\t<p class=\"wp-block-ub-content-toggle-accordion-title ub-content-toggle-title-7d9b9d00-fb5d-4ed3-9639-369401c112ce\" style=\"color: #000000; \">Newsletter <\/p>\n\t\t\t<div class=\"wp-block-ub-content-toggle-accordion-toggle-wrap left\" style=\"color: #000000;\"><span class=\"wp-block-ub-content-toggle-accordion-state-indicator wp-block-ub-math-plus\"><\/span><\/div>\n\t\t<\/div>\n\t\t\t<div role=\"region\" aria-expanded=\"false\" class=\"wp-block-ub-content-toggle-accordion-content-wrap ub-hide\" id=\"ub-content-toggle-panel-0-7d9b9d00-fb5d-4ed3-9639-369401c112ce\">\n\n<p>Newsletter August-Oktober 2022<\/p>\n\n\n\n<figure class=\"wp-block-gallery has-nested-images columns-default is-cropped wp-block-gallery-1 is-layout-flex wp-block-gallery-is-layout-flex\">\n<figure class=\"wp-block-image size-large\"><img loading=\"lazy\" decoding=\"async\" width=\"595\" height=\"841\" data-id=\"5924\" src=\"https:\/\/smk-art.de\/art\/wp-content\/uploads\/2022\/08\/newsletter-susanne-mueller-koelmel-aug-sep-okt-2022-1.jpg\" alt=\"\" class=\"wp-image-5924\" srcset=\"https:\/\/smk-art.de\/art\/wp-content\/uploads\/2022\/08\/newsletter-susanne-mueller-koelmel-aug-sep-okt-2022-1.jpg 595w, https:\/\/smk-art.de\/art\/wp-content\/uploads\/2022\/08\/newsletter-susanne-mueller-koelmel-aug-sep-okt-2022-1-212x300.jpg 212w\" sizes=\"auto, (max-width: 595px) 100vw, 595px\" \/><\/figure>\n\n\n\n<figure class=\"wp-block-image size-large\"><img loading=\"lazy\" decoding=\"async\" width=\"595\" height=\"841\" data-id=\"5925\" src=\"https:\/\/smk-art.de\/art\/wp-content\/uploads\/2022\/08\/newsletter-susanne-mueller-koelmel-aug-sep-okt-2022-2.jpg\" alt=\"\" class=\"wp-image-5925\" srcset=\"https:\/\/smk-art.de\/art\/wp-content\/uploads\/2022\/08\/newsletter-susanne-mueller-koelmel-aug-sep-okt-2022-2.jpg 595w, https:\/\/smk-art.de\/art\/wp-content\/uploads\/2022\/08\/newsletter-susanne-mueller-koelmel-aug-sep-okt-2022-2-212x300.jpg 212w\" sizes=\"auto, (max-width: 595px) 100vw, 595px\" \/><\/figure>\n<\/figure>\n\n<\/div>\n\t\t<\/div>\n<\/div>","protected":false},"excerpt":{"rendered":"<p>Susanne M\u00fcller-K\u00f6lmelarbeitet in Solingen und D\u00fcsseldorf Susanne M\u00fcller-K\u00f6lmelTelefon: 0212-2471419Mobil: 0160-4550185E-Mail:&nbsp;susanne@mueller-koelmel.de Ateliers Schlicker Weg 2142659 Solingen__________ Ackerstra\u00dfe 15 (im Hof)40233 D\u00fcsseldorf<\/p>\n","protected":false},"author":3,"featured_media":0,"parent":0,"menu_order":0,"comment_status":"closed","ping_status":"closed","template":"","meta":{"_uag_custom_page_level_css":"","pgc_sgb_lightbox_settings":"","ocean_post_layout":"","ocean_both_sidebars_style":"","ocean_both_sidebars_content_width":0,"ocean_both_sidebars_sidebars_width":0,"ocean_sidebar":"0","ocean_second_sidebar":"0","ocean_disable_margins":"enable","ocean_add_body_class":"","ocean_shortcode_before_top_bar":"","ocean_shortcode_after_top_bar":"","ocean_shortcode_before_header":"","ocean_shortcode_after_header":"","ocean_has_shortcode":"","ocean_shortcode_after_title":"","ocean_shortcode_before_footer_widgets":"","ocean_shortcode_after_footer_widgets":"","ocean_shortcode_before_footer_bottom":"","ocean_shortcode_after_footer_bottom":"","ocean_display_top_bar":"default","ocean_display_header":"default","ocean_header_style":"","ocean_center_header_left_menu":"0","ocean_custom_header_template":"0","ocean_custom_logo":0,"ocean_custom_retina_logo":0,"ocean_custom_logo_max_width":0,"ocean_custom_logo_tablet_max_width":0,"ocean_custom_logo_mobile_max_width":0,"ocean_custom_logo_max_height":0,"ocean_custom_logo_tablet_max_height":0,"ocean_custom_logo_mobile_max_height":0,"ocean_header_custom_menu":"0","ocean_menu_typo_font_family":"0","ocean_menu_typo_font_subset":"","ocean_menu_typo_font_size":0,"ocean_menu_typo_font_size_tablet":0,"ocean_menu_typo_font_size_mobile":0,"ocean_menu_typo_font_size_unit":"px","ocean_menu_typo_font_weight":"","ocean_menu_typo_font_weight_tablet":"","ocean_menu_typo_font_weight_mobile":"","ocean_menu_typo_transform":"","ocean_menu_typo_transform_tablet":"","ocean_menu_typo_transform_mobile":"","ocean_menu_typo_line_height":0,"ocean_menu_typo_line_height_tablet":0,"ocean_menu_typo_line_height_mobile":0,"ocean_menu_typo_line_height_unit":"","ocean_menu_typo_spacing":0,"ocean_menu_typo_spacing_tablet":0,"ocean_menu_typo_spacing_mobile":0,"ocean_menu_typo_spacing_unit":"","ocean_menu_link_color":"","ocean_menu_link_color_hover":"","ocean_menu_link_color_active":"","ocean_menu_link_background":"","ocean_menu_link_hover_background":"","ocean_menu_link_active_background":"","ocean_menu_social_links_bg":"","ocean_menu_social_hover_links_bg":"","ocean_menu_social_links_color":"","ocean_menu_social_hover_links_color":"","ocean_disable_title":"default","ocean_disable_heading":"default","ocean_post_title":"","ocean_post_subheading":"","ocean_post_title_style":"","ocean_post_title_background_color":"","ocean_post_title_background":0,"ocean_post_title_bg_image_position":"","ocean_post_title_bg_image_attachment":"","ocean_post_title_bg_image_repeat":"","ocean_post_title_bg_image_size":"","ocean_post_title_height":0,"ocean_post_title_bg_overlay":0.5,"ocean_post_title_bg_overlay_color":"","ocean_disable_breadcrumbs":"default","ocean_breadcrumbs_color":"","ocean_breadcrumbs_separator_color":"","ocean_breadcrumbs_links_color":"","ocean_breadcrumbs_links_hover_color":"","ocean_display_footer_widgets":"default","ocean_display_footer_bottom":"default","ocean_custom_footer_template":"0","footnotes":""},"class_list":["post-45","page","type-page","status-publish","hentry","entry"],"featured_image_src":null,"uagb_featured_image_src":{"full":false,"thumbnail":false,"medium":false,"medium_large":false,"large":false,"1536x1536":false,"2048x2048":false,"ocean-thumb-m":false,"ocean-thumb-ml":false,"ocean-thumb-l":false},"uagb_author_info":{"display_name":"admin-mieke","author_link":"https:\/\/smk-art.de\/art\/author\/admin-mieke\/"},"uagb_comment_info":0,"uagb_excerpt":"Susanne M\u00fcller-K\u00f6lmelarbeitet in Solingen und D\u00fcsseldorf Susanne M\u00fcller-K\u00f6lmelTelefon: 0212-2471419Mobil: 0160-4550185E-Mail:&nbsp;susanne@mueller-koelmel.de Ateliers Schlicker Weg 2142659 Solingen__________ Ackerstra\u00dfe 15 (im Hof)40233 D\u00fcsseldorf","_links":{"self":[{"href":"https:\/\/smk-art.de\/art\/wp-json\/wp\/v2\/pages\/45","targetHints":{"allow":["GET"]}}],"collection":[{"href":"https:\/\/smk-art.de\/art\/wp-json\/wp\/v2\/pages"}],"about":[{"href":"https:\/\/smk-art.de\/art\/wp-json\/wp\/v2\/types\/page"}],"author":[{"embeddable":true,"href":"https:\/\/smk-art.de\/art\/wp-json\/wp\/v2\/users\/3"}],"replies":[{"embeddable":true,"href":"https:\/\/smk-art.de\/art\/wp-json\/wp\/v2\/comments?post=45"}],"version-history":[{"count":26,"href":"https:\/\/smk-art.de\/art\/wp-json\/wp\/v2\/pages\/45\/revisions"}],"predecessor-version":[{"id":5931,"href":"https:\/\/smk-art.de\/art\/wp-json\/wp\/v2\/pages\/45\/revisions\/5931"}],"wp:attachment":[{"href":"https:\/\/smk-art.de\/art\/wp-json\/wp\/v2\/media?parent=45"}],"curies":[{"name":"wp","href":"https:\/\/api.w.org\/{rel}","templated":true}]}}