{"id":51,"date":"2013-07-09T16:16:54","date_gmt":"2013-07-09T14:16:54","guid":{"rendered":"http:\/\/smk-art.de\/art\/?page_id=51"},"modified":"2021-05-07T12:31:26","modified_gmt":"2021-05-07T10:31:26","slug":"impressum","status":"publish","type":"page","link":"https:\/\/smk-art.de\/art\/impressum\/","title":{"rendered":"Impressum"},"content":{"rendered":"\n<p>Susanne M\u00fcller-K\u00f6lmel<br>Schlicker Weg 21<br>42659 Solingen<\/p>\n\n\n\n<h3 class=\"wp-block-heading\">Ateliers:<\/h3>\n\n\n\n<p>Schlicker Weg 21<br>42659 Solingen<\/p>\n\n\n\n<p>Ackerstra\u00dfe 15<br>4o233 D\u00fcsseldorf<\/p>\n\n\n\n<p>Telefon: 0212-2471419<br>Mobil: 0160-4550185<br>E-Mail: <a href=\"mailto:susanne@mueller-koelmel.de\">susanne@mueller-koelmel.de<\/a><br>Web: <a href=\"https:\/\/www.mueller-koelmel.de\">https:\/\/www.mueller-koelmel.de<\/a><br><a href=\"https:\/\/www.smk-art.de\">https:\/\/www.smk-art.de<\/a><\/p>\n\n\n\n<p>Urheber-Nr.: 886574 2 (VG Bild-Kunst)<br>Steuernummer: 128\/5326\/4106<br>Pers\u00f6nliche Identifikationsnr.: 90 283 471 265<\/p>\n\n\n\n<p><strong>Die hier genutzten Fotos sind urheberrechtlich gesch\u00fctzt. Speicherung, Verbreitung und Verwertung in gedruckter sowie elektronischer Form sind untersagt. Copyright f\u00fcr Inhalte und Bilder, sofern nicht anders angegeben: Susanne M\u00fcller-K\u00f6lmel<\/strong><\/p>\n\n\n\n<p><strong>Hinweise:<\/strong> Es ist nicht gestattet, das der Inhalt dieser Websites f\u00fcr private und kommerzielle Zwecke kopiert oder ver\u00e4ndert wird, wenn dies nicht vorher mit Susanne M\u00fcller-K\u00f6lmel abgesprochen wurde.<\/p>\n\n\n\n<p><strong>Copyright<\/strong>: Alle auf diesen Websites bereitgestellten Bilder unterliegen dem Copyright von Susanne M\u00fcller-K\u00f6lmel. Eine private und&nbsp; kommerzielle Nutzung, ohne die Zustimmung von Susanne M\u00fcller-K\u00f6lmel, ist untersagt und wird bei Zuwiderhandlung im Sinne des Urheberrechts geahndet. Auch die Verwendung der Bilder auf privaten Websites ist ohne die Zustimmung von Susanne M\u00fcller-K\u00f6lmel untersagt und wird bei Zuwiderhandlung entsprechend verfolgt und geahndet. S\u00e4mtliche Inhalte und Texte auf diesen Websites unterliegen dem Urheberrecht und sind, sofern nicht anders angegeben, Eigentum von Susanne M\u00fcller-K\u00f6lmel.<\/p>\n\n\n\n<p><strong>Haftungsauschlu\u00df:<\/strong> Es wird keine Haftung f\u00fcr die Inhalte externer Links \u00fcbernommen. F\u00fcr den Inhalt der verlinkten Seiten sind ausschlie\u00dflich deren Betreiber verantwortlich.<\/p>\n\n\n\n<p><strong>Anmerkungen<\/strong>: Sollte aus irgendwelchen Gr\u00fcnden eine der vorstehenden Bedingungen ung\u00fcltig sein, so wird die Wirksamkeit der anderen Bestimmungen davon nicht ber\u00fchrt.<\/p>\n\n\n\n<p><strong>Haftung f\u00fcr Links <\/strong><br>Das Angebot der Betreiberin enth\u00e4lt Links zu externen Angeboten Dritter, auf deren Inhalte sie keinen Einfluss hat. Die verlinkten Seiten wurden zum Zeitpunkt der Verlinkung auf m\u00f6gliche Rechtsverst\u00f6\u00dfe \u00fcberpr\u00fcft, rechtswidrige Inhalte waren zum Zeitpunkt der Verlinkung nicht erkennbar. Eine permanente inhaltliche Kontrolle der verlinkten Seiten ist jedoch ohne konkrete Anhaltspunkte einer Rechtsverletzung nicht zumutbar. Deshalb kann die Betreiberin f\u00fcr diese fremden Inhalte auch keine Gew\u00e4hr \u00fcbernehmen. F\u00fcr die Inhalte der verlinkten Seiten ist stets der\/die Betreiber\/in der jeweiligen Seiten verantwortlich. Bei bekannt werden von Rechtsverletzungen wird die Betreiberin derartige Links umgehend entfernen.<\/p>\n\n\n\n<p><strong>Urheberrecht<\/strong><br>Die Betreiberin der Internetseite ist bem\u00fcht, stets die Urheberrechte anderer zu beachten bzw. auf selbst erstellte Werke sowie lizenzfreie Werke zur\u00fcck zu greifen. Die Internetseiten sind Eigentum der Betreiberin. Die Verwendung, Vervielf\u00e4ltigung, Weiterverbreitung, \u00dcbersetzung, Mikroverfilmung, Einspeicherung und Verarbeitung in elektronischen Systeme zu kommerziellen Zwecken oder sonstige Verwertung ist nur im Rahmen der geltenden rechtlichen Vorschriften, insbesondere des Urheberrechtsgesetzes, zul\u00e4ssig.<\/p>\n\n\n\n<p><strong>Susanne M\u00fcller-K\u00f6lmel<\/strong><\/p>\n","protected":false},"excerpt":{"rendered":"<p>Susanne M\u00fcller-K\u00f6lmelSchlicker Weg 2142659 Solingen Ateliers: Schlicker Weg 2142659 Solingen Ackerstra\u00dfe 154o233 D\u00fcsseldorf Telefon: 0212-2471419Mobil: 0160-4550185E-Mail: susanne@mueller-koelmel.deWeb: https:\/\/www.mueller-koelmel.dehttps:\/\/www.smk-art.de Urheber-Nr.: 886574 2 (VG Bild-Kunst)Steuernummer: 128\/5326\/4106Pers\u00f6nliche Identifikationsnr.: 90 283 471 265 Die hier genutzten Fotos sind urheberrechtlich gesch\u00fctzt. Speicherung, Verbreitung und Verwertung in gedruckter sowie elektronischer Form sind untersagt. Copyright f\u00fcr Inhalte und Bilder, sofern nicht anders [&hellip;]<\/p>\n","protected":false},"author":3,"featured_media":0,"parent":0,"menu_order":0,"comment_status":"closed","ping_status":"closed","template":"","meta":{"_uag_custom_page_level_css":"","pgc_sgb_lightbox_settings":"","ocean_post_layout":"","ocean_both_sidebars_style":"","ocean_both_sidebars_content_width":0,"ocean_both_sidebars_sidebars_width":0,"ocean_sidebar":"0","ocean_second_sidebar":"0","ocean_disable_margins":"enable","ocean_add_body_class":"","ocean_shortcode_before_top_bar":"","ocean_shortcode_after_top_bar":"","ocean_shortcode_before_header":"","ocean_shortcode_after_header":"","ocean_has_shortcode":"","ocean_shortcode_after_title":"","ocean_shortcode_before_footer_widgets":"","ocean_shortcode_after_footer_widgets":"","ocean_shortcode_before_footer_bottom":"","ocean_shortcode_after_footer_bottom":"","ocean_display_top_bar":"default","ocean_display_header":"default","ocean_header_style":"","ocean_center_header_left_menu":"0","ocean_custom_header_template":"0","ocean_custom_logo":0,"ocean_custom_retina_logo":0,"ocean_custom_logo_max_width":0,"ocean_custom_logo_tablet_max_width":0,"ocean_custom_logo_mobile_max_width":0,"ocean_custom_logo_max_height":0,"ocean_custom_logo_tablet_max_height":0,"ocean_custom_logo_mobile_max_height":0,"ocean_header_custom_menu":"0","ocean_menu_typo_font_family":"0","ocean_menu_typo_font_subset":"","ocean_menu_typo_font_size":0,"ocean_menu_typo_font_size_tablet":0,"ocean_menu_typo_font_size_mobile":0,"ocean_menu_typo_font_size_unit":"px","ocean_menu_typo_font_weight":"","ocean_menu_typo_font_weight_tablet":"","ocean_menu_typo_font_weight_mobile":"","ocean_menu_typo_transform":"","ocean_menu_typo_transform_tablet":"","ocean_menu_typo_transform_mobile":"","ocean_menu_typo_line_height":0,"ocean_menu_typo_line_height_tablet":0,"ocean_menu_typo_line_height_mobile":0,"ocean_menu_typo_line_height_unit":"","ocean_menu_typo_spacing":0,"ocean_menu_typo_spacing_tablet":0,"ocean_menu_typo_spacing_mobile":0,"ocean_menu_typo_spacing_unit":"","ocean_menu_link_color":"","ocean_menu_link_color_hover":"","ocean_menu_link_color_active":"","ocean_menu_link_background":"","ocean_menu_link_hover_background":"","ocean_menu_link_active_background":"","ocean_menu_social_links_bg":"","ocean_menu_social_hover_links_bg":"","ocean_menu_social_links_color":"","ocean_menu_social_hover_links_color":"","ocean_disable_title":"default","ocean_disable_heading":"default","ocean_post_title":"","ocean_post_subheading":"","ocean_post_title_style":"","ocean_post_title_background_color":"","ocean_post_title_background":0,"ocean_post_title_bg_image_position":"","ocean_post_title_bg_image_attachment":"","ocean_post_title_bg_image_repeat":"","ocean_post_title_bg_image_size":"","ocean_post_title_height":0,"ocean_post_title_bg_overlay":0.5,"ocean_post_title_bg_overlay_color":"","ocean_disable_breadcrumbs":"default","ocean_breadcrumbs_color":"","ocean_breadcrumbs_separator_color":"","ocean_breadcrumbs_links_color":"","ocean_breadcrumbs_links_hover_color":"","ocean_display_footer_widgets":"default","ocean_display_footer_bottom":"default","ocean_custom_footer_template":"0","footnotes":""},"class_list":["post-51","page","type-page","status-publish","hentry","entry"],"featured_image_src":null,"uagb_featured_image_src":{"full":false,"thumbnail":false,"medium":false,"medium_large":false,"large":false,"1536x1536":false,"2048x2048":false,"ocean-thumb-m":false,"ocean-thumb-ml":false,"ocean-thumb-l":false},"uagb_author_info":{"display_name":"admin-mieke","author_link":"https:\/\/smk-art.de\/art\/author\/admin-mieke\/"},"uagb_comment_info":0,"uagb_excerpt":"Susanne M\u00fcller-K\u00f6lmelSchlicker Weg 2142659 Solingen Ateliers: Schlicker Weg 2142659 Solingen Ackerstra\u00dfe 154o233 D\u00fcsseldorf Telefon: 0212-2471419Mobil: 0160-4550185E-Mail: susanne@mueller-koelmel.deWeb: https:\/\/www.mueller-koelmel.dehttps:\/\/www.smk-art.de Urheber-Nr.: 886574 2 (VG Bild-Kunst)Steuernummer: 128\/5326\/4106Pers\u00f6nliche Identifikationsnr.: 90 283 471 265 Die hier genutzten Fotos sind urheberrechtlich gesch\u00fctzt. Speicherung, Verbreitung und Verwertung in gedruckter sowie elektronischer Form sind untersagt. Copyright f\u00fcr Inhalte und Bilder, sofern nicht anders&hellip;","_links":{"self":[{"href":"https:\/\/smk-art.de\/art\/wp-json\/wp\/v2\/pages\/51","targetHints":{"allow":["GET"]}}],"collection":[{"href":"https:\/\/smk-art.de\/art\/wp-json\/wp\/v2\/pages"}],"about":[{"href":"https:\/\/smk-art.de\/art\/wp-json\/wp\/v2\/types\/page"}],"author":[{"embeddable":true,"href":"https:\/\/smk-art.de\/art\/wp-json\/wp\/v2\/users\/3"}],"replies":[{"embeddable":true,"href":"https:\/\/smk-art.de\/art\/wp-json\/wp\/v2\/comments?post=51"}],"version-history":[{"count":25,"href":"https:\/\/smk-art.de\/art\/wp-json\/wp\/v2\/pages\/51\/revisions"}],"predecessor-version":[{"id":3997,"href":"https:\/\/smk-art.de\/art\/wp-json\/wp\/v2\/pages\/51\/revisions\/3997"}],"wp:attachment":[{"href":"https:\/\/smk-art.de\/art\/wp-json\/wp\/v2\/media?parent=51"}],"curies":[{"name":"wp","href":"https:\/\/api.w.org\/{rel}","templated":true}]}}