{"id":5290,"date":"2021-09-16T13:04:05","date_gmt":"2021-09-16T11:04:05","guid":{"rendered":"https:\/\/smk-art.de\/art\/?page_id=5290"},"modified":"2025-06-26T16:38:20","modified_gmt":"2025-06-26T14:38:20","slug":"team-painting-team-building","status":"publish","type":"page","link":"https:\/\/smk-art.de\/art\/team-painting-team-building\/","title":{"rendered":"Team-Painting"},"content":{"rendered":"\n<figure class=\"wp-block-gallery has-nested-images columns-default is-cropped wp-block-gallery-1 is-layout-flex wp-block-gallery-is-layout-flex\">\n<figure class=\"wp-block-image size-large\"><img loading=\"lazy\" decoding=\"async\" width=\"960\" height=\"720\" data-id=\"7030\" src=\"https:\/\/smk-art.de\/art\/wp-content\/uploads\/2024\/02\/pinselmotiv-teampainting-susanne-mueller-koelmel.jpg\" alt=\"\" class=\"wp-image-7030\" srcset=\"https:\/\/smk-art.de\/art\/wp-content\/uploads\/2024\/02\/pinselmotiv-teampainting-susanne-mueller-koelmel.jpg 960w, https:\/\/smk-art.de\/art\/wp-content\/uploads\/2024\/02\/pinselmotiv-teampainting-susanne-mueller-koelmel-300x225.jpg 300w, https:\/\/smk-art.de\/art\/wp-content\/uploads\/2024\/02\/pinselmotiv-teampainting-susanne-mueller-koelmel-768x576.jpg 768w\" sizes=\"auto, (max-width: 960px) 100vw, 960px\" \/><\/figure>\n\n\n\n<figure class=\"wp-block-image size-large\"><img loading=\"lazy\" decoding=\"async\" width=\"960\" height=\"720\" data-id=\"7031\" src=\"https:\/\/smk-art.de\/art\/wp-content\/uploads\/2024\/02\/pinselmotiv-teampainting2-susanne-mueller-koelmel.jpg\" alt=\"\" class=\"wp-image-7031\" srcset=\"https:\/\/smk-art.de\/art\/wp-content\/uploads\/2024\/02\/pinselmotiv-teampainting2-susanne-mueller-koelmel.jpg 960w, https:\/\/smk-art.de\/art\/wp-content\/uploads\/2024\/02\/pinselmotiv-teampainting2-susanne-mueller-koelmel-300x225.jpg 300w, https:\/\/smk-art.de\/art\/wp-content\/uploads\/2024\/02\/pinselmotiv-teampainting2-susanne-mueller-koelmel-768x576.jpg 768w\" sizes=\"auto, (max-width: 960px) 100vw, 960px\" \/><\/figure>\n<\/figure>\n\n\n\n<p>Malerei und bildnerisches Gestalten eignen sich in besonderer Art und Weise f\u00fcr Teambuilding:&nbsp;Alle Teilnehmenden eines Seminars, Workshops oder Events malen in kurzer Zeit ein eigenes Bild und schaffen gemeinsam ein gro\u00dfes Ganzes. Es entsteht ein riesiges Bild mit integriertem Motiv (analog zu Ihrem CI: Firmenlogo, Leitlinie, Slogan, etc.)<\/p>\n\n\n\n<p><strong>TEAM PAINTING <a href=\"https:\/\/www.grossbaecker.de\" target=\"_blank\" rel=\"noreferrer noopener\">Verband der Gro\u00dfb\u00e4ckerei und ZVK<\/a><\/strong><\/p>\n\n\n\n<figure class=\"wp-block-gallery has-nested-images columns-4 is-cropped wp-block-gallery-2 is-layout-flex wp-block-gallery-is-layout-flex\">\n<figure class=\"wp-block-image size-large\"><img loading=\"lazy\" decoding=\"async\" width=\"750\" height=\"960\" data-id=\"8140\" src=\"https:\/\/smk-art.de\/art\/wp-content\/uploads\/2025\/06\/Teampainting-VGB-ZVK-susanne-mueller-koelmel-va-1s.jpg\" alt=\"\" class=\"wp-image-8140\" srcset=\"https:\/\/smk-art.de\/art\/wp-content\/uploads\/2025\/06\/Teampainting-VGB-ZVK-susanne-mueller-koelmel-va-1s.jpg 750w, https:\/\/smk-art.de\/art\/wp-content\/uploads\/2025\/06\/Teampainting-VGB-ZVK-susanne-mueller-koelmel-va-1s-234x300.jpg 234w\" sizes=\"auto, (max-width: 750px) 100vw, 750px\" \/><\/figure>\n\n\n\n<figure class=\"wp-block-image size-large\"><img loading=\"lazy\" decoding=\"async\" width=\"771\" height=\"960\" data-id=\"8144\" src=\"https:\/\/smk-art.de\/art\/wp-content\/uploads\/2025\/06\/Teampainting-VGB-ZVK-susanne-mueller-koelmel-va-5s.jpg\" alt=\"\" class=\"wp-image-8144\" srcset=\"https:\/\/smk-art.de\/art\/wp-content\/uploads\/2025\/06\/Teampainting-VGB-ZVK-susanne-mueller-koelmel-va-5s.jpg 771w, https:\/\/smk-art.de\/art\/wp-content\/uploads\/2025\/06\/Teampainting-VGB-ZVK-susanne-mueller-koelmel-va-5s-241x300.jpg 241w, https:\/\/smk-art.de\/art\/wp-content\/uploads\/2025\/06\/Teampainting-VGB-ZVK-susanne-mueller-koelmel-va-5s-768x956.jpg 768w\" sizes=\"auto, (max-width: 771px) 100vw, 771px\" \/><\/figure>\n\n\n\n<figure class=\"wp-block-image size-large\"><img loading=\"lazy\" decoding=\"async\" width=\"720\" height=\"960\" data-id=\"8146\" src=\"https:\/\/smk-art.de\/art\/wp-content\/uploads\/2025\/06\/Teampainting-VGB-ZVK-susanne-mueller-koelmel-va-7s.jpg\" alt=\"\" class=\"wp-image-8146\" srcset=\"https:\/\/smk-art.de\/art\/wp-content\/uploads\/2025\/06\/Teampainting-VGB-ZVK-susanne-mueller-koelmel-va-7s.jpg 720w, https:\/\/smk-art.de\/art\/wp-content\/uploads\/2025\/06\/Teampainting-VGB-ZVK-susanne-mueller-koelmel-va-7s-225x300.jpg 225w\" sizes=\"auto, (max-width: 720px) 100vw, 720px\" \/><\/figure>\n\n\n\n<figure class=\"wp-block-image size-large\"><img loading=\"lazy\" decoding=\"async\" width=\"960\" height=\"886\" data-id=\"8143\" src=\"https:\/\/smk-art.de\/art\/wp-content\/uploads\/2025\/06\/Teampainting-VGB-ZVK-susanne-mueller-koelmel-va-4s.jpg\" alt=\"\" class=\"wp-image-8143\" srcset=\"https:\/\/smk-art.de\/art\/wp-content\/uploads\/2025\/06\/Teampainting-VGB-ZVK-susanne-mueller-koelmel-va-4s.jpg 960w, https:\/\/smk-art.de\/art\/wp-content\/uploads\/2025\/06\/Teampainting-VGB-ZVK-susanne-mueller-koelmel-va-4s-300x277.jpg 300w, https:\/\/smk-art.de\/art\/wp-content\/uploads\/2025\/06\/Teampainting-VGB-ZVK-susanne-mueller-koelmel-va-4s-768x709.jpg 768w\" sizes=\"auto, (max-width: 960px) 100vw, 960px\" \/><\/figure>\n\n\n\n<figure class=\"wp-block-image size-large\"><img loading=\"lazy\" decoding=\"async\" width=\"960\" height=\"483\" data-id=\"8147\" src=\"https:\/\/smk-art.de\/art\/wp-content\/uploads\/2025\/06\/Teampainting-VGB-ZVK-susanne-mueller-koelmel-va-8s.jpg\" alt=\"\" class=\"wp-image-8147\" srcset=\"https:\/\/smk-art.de\/art\/wp-content\/uploads\/2025\/06\/Teampainting-VGB-ZVK-susanne-mueller-koelmel-va-8s.jpg 960w, https:\/\/smk-art.de\/art\/wp-content\/uploads\/2025\/06\/Teampainting-VGB-ZVK-susanne-mueller-koelmel-va-8s-300x151.jpg 300w, https:\/\/smk-art.de\/art\/wp-content\/uploads\/2025\/06\/Teampainting-VGB-ZVK-susanne-mueller-koelmel-va-8s-768x386.jpg 768w\" sizes=\"auto, (max-width: 960px) 100vw, 960px\" \/><\/figure>\n<\/figure>\n\n\n\n<p>Raus aus dem Alltag und rein ins \u201eAtelier\u201c. Gemeinsam gestalten Sie ein farbenfrohes Kunstwerk. Zum Einsatz kommen Acrylfarben und K\u00fcnstlerwerkzeuge. Am Ende des 3-4 st\u00fcndigen Workshops entsteht ein Gemeinschaftswerk, welches als Gesamtwerk an einem zentralen Ort im Unternehmen ihren Teamgeist um Ausdruck bringt.<\/p>\n\n\n\n<p><strong>Team-Event &#8222;<a href=\"https:\/\/www.youtube.com\/watch?v=GbQhzTtWjas\" target=\"_blank\" rel=\"noreferrer noopener\">HD next evolution<\/a>&#8222;<\/strong><\/p>\n\n\n\n<figure class=\"wp-block-image size-large\"><img loading=\"lazy\" decoding=\"async\" width=\"960\" height=\"576\" src=\"https:\/\/smk-art.de\/art\/wp-content\/uploads\/2021\/09\/teampainting-hd-2021-gesamtbild-susanne-mueller-koelmel.jpg\" alt=\"\" class=\"wp-image-5294\" srcset=\"https:\/\/smk-art.de\/art\/wp-content\/uploads\/2021\/09\/teampainting-hd-2021-gesamtbild-susanne-mueller-koelmel.jpg 960w, https:\/\/smk-art.de\/art\/wp-content\/uploads\/2021\/09\/teampainting-hd-2021-gesamtbild-susanne-mueller-koelmel-300x180.jpg 300w, https:\/\/smk-art.de\/art\/wp-content\/uploads\/2021\/09\/teampainting-hd-2021-gesamtbild-susanne-mueller-koelmel-768x461.jpg 768w\" sizes=\"auto, (max-width: 960px) 100vw, 960px\" \/><\/figure>\n\n\n\n<p>Ob Sie die teambildende Ma\u00dfnahme mit dem Ziel umsetzen m\u00f6chten, ein einmaliges Erlebnis f\u00fcr Ihr Team zu schaffen, den Team-Spirit zu verbessern, oder ob Sie auf der Suche nach einem besonderen Team Erlebnis sind \u2013 mit Team-Painting f\u00f6rdern Sie authentisches Verhalten in der Gruppendynamik und schaffen Erlebnisse und Ergebnisse, die gut in die Arbeitswelt \u00fcbertragbar sind.&nbsp;<\/p>\n\n\n\n<p><strong>BIA junge Wilde | 4 Stunden Workshop<\/strong><\/p>\n\n\n\n<figure class=\"wp-block-gallery has-nested-images columns-4 is-cropped wp-block-gallery-3 is-layout-flex wp-block-gallery-is-layout-flex\">\n<figure class=\"wp-block-image size-large\"><img loading=\"lazy\" decoding=\"async\" width=\"960\" height=\"720\" data-id=\"7034\" src=\"https:\/\/smk-art.de\/art\/wp-content\/uploads\/2024\/02\/junge-wilde-bia-teampainting-susanne-mueller-koelmel-2.jpg\" alt=\"\" class=\"wp-image-7034\" srcset=\"https:\/\/smk-art.de\/art\/wp-content\/uploads\/2024\/02\/junge-wilde-bia-teampainting-susanne-mueller-koelmel-2.jpg 960w, https:\/\/smk-art.de\/art\/wp-content\/uploads\/2024\/02\/junge-wilde-bia-teampainting-susanne-mueller-koelmel-2-300x225.jpg 300w, https:\/\/smk-art.de\/art\/wp-content\/uploads\/2024\/02\/junge-wilde-bia-teampainting-susanne-mueller-koelmel-2-768x576.jpg 768w\" sizes=\"auto, (max-width: 960px) 100vw, 960px\" \/><\/figure>\n\n\n\n<figure class=\"wp-block-image size-large\"><img loading=\"lazy\" decoding=\"async\" width=\"720\" height=\"960\" data-id=\"7033\" src=\"https:\/\/smk-art.de\/art\/wp-content\/uploads\/2024\/02\/junge-wilde-bia-teampainting-susanne-mueller-koelmel-1.jpg\" alt=\"\" class=\"wp-image-7033\" srcset=\"https:\/\/smk-art.de\/art\/wp-content\/uploads\/2024\/02\/junge-wilde-bia-teampainting-susanne-mueller-koelmel-1.jpg 720w, https:\/\/smk-art.de\/art\/wp-content\/uploads\/2024\/02\/junge-wilde-bia-teampainting-susanne-mueller-koelmel-1-225x300.jpg 225w\" sizes=\"auto, (max-width: 720px) 100vw, 720px\" \/><\/figure>\n\n\n\n<figure class=\"wp-block-image size-large\"><img loading=\"lazy\" decoding=\"async\" width=\"960\" height=\"720\" data-id=\"7035\" src=\"https:\/\/smk-art.de\/art\/wp-content\/uploads\/2024\/02\/junge-wilde-bia-teampainting-susanne-mueller-koelmel-3.jpg\" alt=\"\" class=\"wp-image-7035\" srcset=\"https:\/\/smk-art.de\/art\/wp-content\/uploads\/2024\/02\/junge-wilde-bia-teampainting-susanne-mueller-koelmel-3.jpg 960w, https:\/\/smk-art.de\/art\/wp-content\/uploads\/2024\/02\/junge-wilde-bia-teampainting-susanne-mueller-koelmel-3-300x225.jpg 300w, https:\/\/smk-art.de\/art\/wp-content\/uploads\/2024\/02\/junge-wilde-bia-teampainting-susanne-mueller-koelmel-3-768x576.jpg 768w\" sizes=\"auto, (max-width: 960px) 100vw, 960px\" \/><\/figure>\n\n\n\n<figure class=\"wp-block-image size-large\"><img loading=\"lazy\" decoding=\"async\" width=\"960\" height=\"749\" data-id=\"7036\" src=\"https:\/\/smk-art.de\/art\/wp-content\/uploads\/2024\/02\/junge-wilde-bia-teampainting-susanne-mueller-koelmel-4.jpg\" alt=\"\" class=\"wp-image-7036\" srcset=\"https:\/\/smk-art.de\/art\/wp-content\/uploads\/2024\/02\/junge-wilde-bia-teampainting-susanne-mueller-koelmel-4.jpg 960w, https:\/\/smk-art.de\/art\/wp-content\/uploads\/2024\/02\/junge-wilde-bia-teampainting-susanne-mueller-koelmel-4-300x234.jpg 300w, https:\/\/smk-art.de\/art\/wp-content\/uploads\/2024\/02\/junge-wilde-bia-teampainting-susanne-mueller-koelmel-4-768x599.jpg 768w\" sizes=\"auto, (max-width: 960px) 100vw, 960px\" \/><\/figure>\n<\/figure>\n\n\n\n<p>Das gemeinsame Malen eines Bildes als  kreative Teamaktivit\u00e4t z.B. im Rahmen eines Nachwuchskr\u00e4fteprogramms, fachkundig konzipiert und professionell angeleitet, bringt Farbe und Freude direkt ins Seminar,  stellt ein einmaliges Erlebnis f\u00fcr Ihr Team dar und verbessert nachhaltig den Team Spirit. Die <a href=\"https:\/\/www.bia-group.com\" target=\"_blank\" rel=\"noreferrer noopener\">BIA<\/a>-Gruppe hatte sichtlich Spa\u00df bei diesem sch\u00f6pferischen Teampainting-Event.<\/p>\n\n\n\n<p>Das einmalige Erlebnis mit professioneller Betreuung bietet Professionalit\u00e4t, Kreativit\u00e4t und Flexibilit\u00e4t und schafft Gestaltungsspielraum au\u00dferhalb des Unternehmensalltages f\u00fcr ein intensives Gruppenerlebnis das Gemeinschaftlichkeit und Partnerschaft symbolisiert.<\/p>\n\n\n\n<p>Das Angebot richtet sich sowohl an kleine Teams ab 6 Personen, z.B. F\u00fchrungskr\u00e4fte-Teams, Praxen oder einfach Teams, die eine besondere gemeinsame Aktivit\u00e4t suchen, aber auch an gro\u00dfe Gruppen. Als Workshop-Angebot innerhalb eines Projekttages\/ Projektwoche kann Team-Painting f\u00fcr gro\u00dfe Firmenevents gebucht werden.<\/p>\n\n\n\n<p>Bei Fragen und Interesse kontaktieren Sie mich gerne: 0160-4550185 oder E-Mail:&nbsp;<a href=\"mailto:susanne@mueller-koelmel.de\">susanne@mueller-koelmel.de<\/a><\/p>\n","protected":false},"excerpt":{"rendered":"<p>Malerei und bildnerisches Gestalten eignen sich in besonderer Art und Weise f\u00fcr Teambuilding:&nbsp;Alle Teilnehmenden eines Seminars, Workshops oder Events malen in kurzer Zeit ein eigenes Bild und schaffen gemeinsam ein gro\u00dfes Ganzes. Es entsteht ein riesiges Bild mit integriertem Motiv (analog zu Ihrem CI: Firmenlogo, Leitlinie, Slogan, etc.) TEAM PAINTING Verband der Gro\u00dfb\u00e4ckerei und ZVK [&hellip;]<\/p>\n","protected":false},"author":2,"featured_media":0,"parent":0,"menu_order":0,"comment_status":"closed","ping_status":"closed","template":"","meta":{"_uag_custom_page_level_css":"","pgc_sgb_lightbox_settings":"","ocean_post_layout":"","ocean_both_sidebars_style":"","ocean_both_sidebars_content_width":0,"ocean_both_sidebars_sidebars_width":0,"ocean_sidebar":"0","ocean_second_sidebar":"0","ocean_disable_margins":"enable","ocean_add_body_class":"","ocean_shortcode_before_top_bar":"","ocean_shortcode_after_top_bar":"","ocean_shortcode_before_header":"","ocean_shortcode_after_header":"","ocean_has_shortcode":"","ocean_shortcode_after_title":"","ocean_shortcode_before_footer_widgets":"","ocean_shortcode_after_footer_widgets":"","ocean_shortcode_before_footer_bottom":"","ocean_shortcode_after_footer_bottom":"","ocean_display_top_bar":"default","ocean_display_header":"default","ocean_header_style":"","ocean_center_header_left_menu":"0","ocean_custom_header_template":"0","ocean_custom_logo":0,"ocean_custom_retina_logo":0,"ocean_custom_logo_max_width":0,"ocean_custom_logo_tablet_max_width":0,"ocean_custom_logo_mobile_max_width":0,"ocean_custom_logo_max_height":0,"ocean_custom_logo_tablet_max_height":0,"ocean_custom_logo_mobile_max_height":0,"ocean_header_custom_menu":"0","ocean_menu_typo_font_family":"0","ocean_menu_typo_font_subset":"","ocean_menu_typo_font_size":0,"ocean_menu_typo_font_size_tablet":0,"ocean_menu_typo_font_size_mobile":0,"ocean_menu_typo_font_size_unit":"px","ocean_menu_typo_font_weight":"","ocean_menu_typo_font_weight_tablet":"","ocean_menu_typo_font_weight_mobile":"","ocean_menu_typo_transform":"","ocean_menu_typo_transform_tablet":"","ocean_menu_typo_transform_mobile":"","ocean_menu_typo_line_height":0,"ocean_menu_typo_line_height_tablet":0,"ocean_menu_typo_line_height_mobile":0,"ocean_menu_typo_line_height_unit":"","ocean_menu_typo_spacing":0,"ocean_menu_typo_spacing_tablet":0,"ocean_menu_typo_spacing_mobile":0,"ocean_menu_typo_spacing_unit":"","ocean_menu_link_color":"","ocean_menu_link_color_hover":"","ocean_menu_link_color_active":"","ocean_menu_link_background":"","ocean_menu_link_hover_background":"","ocean_menu_link_active_background":"","ocean_menu_social_links_bg":"","ocean_menu_social_hover_links_bg":"","ocean_menu_social_links_color":"","ocean_menu_social_hover_links_color":"","ocean_disable_title":"default","ocean_disable_heading":"default","ocean_post_title":"","ocean_post_subheading":"","ocean_post_title_style":"","ocean_post_title_background_color":"","ocean_post_title_background":0,"ocean_post_title_bg_image_position":"","ocean_post_title_bg_image_attachment":"","ocean_post_title_bg_image_repeat":"","ocean_post_title_bg_image_size":"","ocean_post_title_height":0,"ocean_post_title_bg_overlay":0.5,"ocean_post_title_bg_overlay_color":"","ocean_disable_breadcrumbs":"default","ocean_breadcrumbs_color":"","ocean_breadcrumbs_separator_color":"","ocean_breadcrumbs_links_color":"","ocean_breadcrumbs_links_hover_color":"","ocean_display_footer_widgets":"default","ocean_display_footer_bottom":"default","ocean_custom_footer_template":"0","footnotes":""},"class_list":["post-5290","page","type-page","status-publish","hentry","entry"],"featured_image_src":null,"uagb_featured_image_src":{"full":false,"thumbnail":false,"medium":false,"medium_large":false,"large":false,"1536x1536":false,"2048x2048":false,"ocean-thumb-m":false,"ocean-thumb-ml":false,"ocean-thumb-l":false},"uagb_author_info":{"display_name":"Susanne M\u00fcller-K\u00f6lmel","author_link":"https:\/\/smk-art.de\/art\/author\/susanne\/"},"uagb_comment_info":0,"uagb_excerpt":"Malerei und bildnerisches Gestalten eignen sich in besonderer Art und Weise f\u00fcr Teambuilding:&nbsp;Alle Teilnehmenden eines Seminars, Workshops oder Events malen in kurzer Zeit ein eigenes Bild und schaffen gemeinsam ein gro\u00dfes Ganzes. Es entsteht ein riesiges Bild mit integriertem Motiv (analog zu Ihrem CI: Firmenlogo, Leitlinie, Slogan, etc.) TEAM PAINTING Verband der Gro\u00dfb\u00e4ckerei und ZVK&hellip;","_links":{"self":[{"href":"https:\/\/smk-art.de\/art\/wp-json\/wp\/v2\/pages\/5290","targetHints":{"allow":["GET"]}}],"collection":[{"href":"https:\/\/smk-art.de\/art\/wp-json\/wp\/v2\/pages"}],"about":[{"href":"https:\/\/smk-art.de\/art\/wp-json\/wp\/v2\/types\/page"}],"author":[{"embeddable":true,"href":"https:\/\/smk-art.de\/art\/wp-json\/wp\/v2\/users\/2"}],"replies":[{"embeddable":true,"href":"https:\/\/smk-art.de\/art\/wp-json\/wp\/v2\/comments?post=5290"}],"version-history":[{"count":13,"href":"https:\/\/smk-art.de\/art\/wp-json\/wp\/v2\/pages\/5290\/revisions"}],"predecessor-version":[{"id":8180,"href":"https:\/\/smk-art.de\/art\/wp-json\/wp\/v2\/pages\/5290\/revisions\/8180"}],"wp:attachment":[{"href":"https:\/\/smk-art.de\/art\/wp-json\/wp\/v2\/media?parent=5290"}],"curies":[{"name":"wp","href":"https:\/\/api.w.org\/{rel}","templated":true}]}}