{"id":5524,"date":"2022-02-11T17:45:02","date_gmt":"2022-02-11T15:45:02","guid":{"rendered":"https:\/\/smk-art.de\/art\/?page_id=5524"},"modified":"2023-06-11T12:20:15","modified_gmt":"2023-06-11T10:20:15","slug":"once-upon-a-time","status":"publish","type":"page","link":"https:\/\/smk-art.de\/art\/once-upon-a-time\/","title":{"rendered":"ONCE UPON A TIME"},"content":{"rendered":"\n<figure class=\"wp-block-gallery has-nested-images columns-3 is-cropped wp-block-gallery-1 is-layout-flex wp-block-gallery-is-layout-flex\">\n<figure class=\"wp-block-image size-large\"><a href=\"https:\/\/smk-art.de\/art\/wp-content\/uploads\/2021\/12\/surevive-susanne-mueller-koelmel-1.jpg\"><img loading=\"lazy\" decoding=\"async\" width=\"960\" height=\"847\" data-id=\"5436\" src=\"https:\/\/smk-art.de\/art\/wp-content\/uploads\/2021\/12\/surevive-susanne-mueller-koelmel-1.jpg\" alt=\"\" class=\"wp-image-5436\" srcset=\"https:\/\/smk-art.de\/art\/wp-content\/uploads\/2021\/12\/surevive-susanne-mueller-koelmel-1.jpg 960w, https:\/\/smk-art.de\/art\/wp-content\/uploads\/2021\/12\/surevive-susanne-mueller-koelmel-1-300x265.jpg 300w, https:\/\/smk-art.de\/art\/wp-content\/uploads\/2021\/12\/surevive-susanne-mueller-koelmel-1-768x678.jpg 768w\" sizes=\"auto, (max-width: 960px) 100vw, 960px\" \/><\/a><\/figure>\n\n\n\n<figure class=\"wp-block-image size-large\"><a href=\"https:\/\/smk-art.de\/art\/wp-content\/uploads\/2021\/12\/once-upon-a-time-surevive-installation-susanne-mueller-koelmel-detail2.jpg\"><img loading=\"lazy\" decoding=\"async\" width=\"697\" height=\"960\" data-id=\"5428\" src=\"https:\/\/smk-art.de\/art\/wp-content\/uploads\/2021\/12\/once-upon-a-time-surevive-installation-susanne-mueller-koelmel-detail2.jpg\" alt=\"\" class=\"wp-image-5428\" srcset=\"https:\/\/smk-art.de\/art\/wp-content\/uploads\/2021\/12\/once-upon-a-time-surevive-installation-susanne-mueller-koelmel-detail2.jpg 697w, https:\/\/smk-art.de\/art\/wp-content\/uploads\/2021\/12\/once-upon-a-time-surevive-installation-susanne-mueller-koelmel-detail2-218x300.jpg 218w\" sizes=\"auto, (max-width: 697px) 100vw, 697px\" \/><\/a><\/figure>\n\n\n\n<figure class=\"wp-block-image size-large\"><a href=\"https:\/\/smk-art.de\/art\/wp-content\/uploads\/2021\/12\/surevive-vlies-susanne-mueller-koelmel-2.jpg\"><img loading=\"lazy\" decoding=\"async\" width=\"960\" height=\"878\" data-id=\"5437\" src=\"https:\/\/smk-art.de\/art\/wp-content\/uploads\/2021\/12\/surevive-vlies-susanne-mueller-koelmel-2.jpg\" alt=\"\" class=\"wp-image-5437\" srcset=\"https:\/\/smk-art.de\/art\/wp-content\/uploads\/2021\/12\/surevive-vlies-susanne-mueller-koelmel-2.jpg 960w, https:\/\/smk-art.de\/art\/wp-content\/uploads\/2021\/12\/surevive-vlies-susanne-mueller-koelmel-2-300x274.jpg 300w, https:\/\/smk-art.de\/art\/wp-content\/uploads\/2021\/12\/surevive-vlies-susanne-mueller-koelmel-2-768x702.jpg 768w\" sizes=\"auto, (max-width: 960px) 100vw, 960px\" \/><\/a><\/figure>\n\n\n\n<figure class=\"wp-block-image size-large\"><a href=\"https:\/\/smk-art.de\/art\/wp-content\/uploads\/2021\/12\/once-upon-a-time-surevive-installation-susanne-mueller-koelmel-detail1.jpg\"><img loading=\"lazy\" decoding=\"async\" width=\"960\" height=\"720\" data-id=\"5427\" src=\"https:\/\/smk-art.de\/art\/wp-content\/uploads\/2021\/12\/once-upon-a-time-surevive-installation-susanne-mueller-koelmel-detail1.jpg\" alt=\"\" class=\"wp-image-5427\" srcset=\"https:\/\/smk-art.de\/art\/wp-content\/uploads\/2021\/12\/once-upon-a-time-surevive-installation-susanne-mueller-koelmel-detail1.jpg 960w, https:\/\/smk-art.de\/art\/wp-content\/uploads\/2021\/12\/once-upon-a-time-surevive-installation-susanne-mueller-koelmel-detail1-300x225.jpg 300w, https:\/\/smk-art.de\/art\/wp-content\/uploads\/2021\/12\/once-upon-a-time-surevive-installation-susanne-mueller-koelmel-detail1-768x576.jpg 768w\" sizes=\"auto, (max-width: 960px) 100vw, 960px\" \/><\/a><\/figure>\n<\/figure>\n\n\n\n<p>Susanne M\u00fcller-K\u00f6lmel setzt in&nbsp;\u201eonce upon a time\u201c&nbsp;ein vielschichtiges unvollendetes Ganzes aus 22 Pappwabenelementen unterschiedlicher St\u00e4rken und Gr\u00f6\u00dfen zusammen. Die Formation lie\u00dfe sich unendlich ausweiten.&nbsp;In der Installation spielt Stofflichkeit eine gro\u00dfe Rolle. Dieses Upcycling mit Ecken und Kanten, Mustern und Strukturen, mit Transparenzen und \u00dcberg\u00e4ngen als Ausdruck einer fragilen aus den Fugen geratenen Welt, thematisiert einerseits Erinnerungsmomente und gleicherma\u00dfen das Happy End als Kontrapunkt und Strategie mit utopischem&nbsp;Ausblick.<\/p>\n\n\n\n<p>\u201eSusanne M\u00fcller-K\u00f6lmel l\u00e4sst keinen Zweifel daran, dass in einer Welt, die durch Ver\u00e4nderungen gepr\u00e4gt ist, nichts so bleiben kann, wie es gestern war.\u201c&nbsp;<em>Alexandra Grass<\/em><\/p>\n\n\n\n<p>Der Ritt auf dem hohen Ross f\u00fchrt nur scheinbar ins Paradies, ins gro\u00dfe Gl\u00fcck.&nbsp;Die Betrachtenden bestimmen selbst, welche Strategien sie in sich finden \u2026.<\/p>\n\n\n\n<p>Diese Installation basiert auf&nbsp;der Schlussszene&nbsp;eines bekannten tschechischen Kunstm\u00e4rchens&nbsp;von&nbsp;Bo\u017eena N\u011bmcov\u00e1.&nbsp;Magische Momente, in \u00fcberlagerten Farbschichten aus Tusche, Acryl,&nbsp;Lack und \u00d6l auf Pappwabenkarton greifen das&nbsp;vieldeutige Wesen der Verschleierung auf.&nbsp;&nbsp;Einerseits bietet das Vlies Schutz, stellt einen R\u00fcckzugsort dar und verh\u00fcllt &#8211; verbirgt, bedeckt &#8211; deckt aber gleichzeitig auf.&nbsp;<\/p>\n","protected":false},"excerpt":{"rendered":"<p>Susanne M\u00fcller-K\u00f6lmel setzt in&nbsp;\u201eonce upon a time\u201c&nbsp;ein vielschichtiges unvollendetes Ganzes aus 22 Pappwabenelementen unterschiedlicher St\u00e4rken und Gr\u00f6\u00dfen zusammen. Die Formation lie\u00dfe sich unendlich ausweiten.&nbsp;In der Installation spielt Stofflichkeit eine gro\u00dfe Rolle. Dieses Upcycling mit Ecken und Kanten, Mustern und Strukturen, mit Transparenzen und \u00dcberg\u00e4ngen als Ausdruck einer fragilen aus den Fugen geratenen Welt, thematisiert einerseits [&hellip;]<\/p>\n","protected":false},"author":2,"featured_media":0,"parent":0,"menu_order":0,"comment_status":"closed","ping_status":"closed","template":"","meta":{"_uag_custom_page_level_css":"","pgc_sgb_lightbox_settings":"","ocean_post_layout":"","ocean_both_sidebars_style":"","ocean_both_sidebars_content_width":0,"ocean_both_sidebars_sidebars_width":0,"ocean_sidebar":"0","ocean_second_sidebar":"0","ocean_disable_margins":"enable","ocean_add_body_class":"","ocean_shortcode_before_top_bar":"","ocean_shortcode_after_top_bar":"","ocean_shortcode_before_header":"","ocean_shortcode_after_header":"","ocean_has_shortcode":"","ocean_shortcode_after_title":"","ocean_shortcode_before_footer_widgets":"","ocean_shortcode_after_footer_widgets":"","ocean_shortcode_before_footer_bottom":"","ocean_shortcode_after_footer_bottom":"","ocean_display_top_bar":"default","ocean_display_header":"default","ocean_header_style":"","ocean_center_header_left_menu":"0","ocean_custom_header_template":"0","ocean_custom_logo":0,"ocean_custom_retina_logo":0,"ocean_custom_logo_max_width":0,"ocean_custom_logo_tablet_max_width":0,"ocean_custom_logo_mobile_max_width":0,"ocean_custom_logo_max_height":0,"ocean_custom_logo_tablet_max_height":0,"ocean_custom_logo_mobile_max_height":0,"ocean_header_custom_menu":"0","ocean_menu_typo_font_family":"0","ocean_menu_typo_font_subset":"","ocean_menu_typo_font_size":0,"ocean_menu_typo_font_size_tablet":0,"ocean_menu_typo_font_size_mobile":0,"ocean_menu_typo_font_size_unit":"px","ocean_menu_typo_font_weight":"","ocean_menu_typo_font_weight_tablet":"","ocean_menu_typo_font_weight_mobile":"","ocean_menu_typo_transform":"","ocean_menu_typo_transform_tablet":"","ocean_menu_typo_transform_mobile":"","ocean_menu_typo_line_height":0,"ocean_menu_typo_line_height_tablet":0,"ocean_menu_typo_line_height_mobile":0,"ocean_menu_typo_line_height_unit":"","ocean_menu_typo_spacing":0,"ocean_menu_typo_spacing_tablet":0,"ocean_menu_typo_spacing_mobile":0,"ocean_menu_typo_spacing_unit":"","ocean_menu_link_color":"","ocean_menu_link_color_hover":"","ocean_menu_link_color_active":"","ocean_menu_link_background":"","ocean_menu_link_hover_background":"","ocean_menu_link_active_background":"","ocean_menu_social_links_bg":"","ocean_menu_social_hover_links_bg":"","ocean_menu_social_links_color":"","ocean_menu_social_hover_links_color":"","ocean_disable_title":"default","ocean_disable_heading":"default","ocean_post_title":"","ocean_post_subheading":"","ocean_post_title_style":"","ocean_post_title_background_color":"","ocean_post_title_background":0,"ocean_post_title_bg_image_position":"","ocean_post_title_bg_image_attachment":"","ocean_post_title_bg_image_repeat":"","ocean_post_title_bg_image_size":"","ocean_post_title_height":0,"ocean_post_title_bg_overlay":0.5,"ocean_post_title_bg_overlay_color":"","ocean_disable_breadcrumbs":"default","ocean_breadcrumbs_color":"","ocean_breadcrumbs_separator_color":"","ocean_breadcrumbs_links_color":"","ocean_breadcrumbs_links_hover_color":"","ocean_display_footer_widgets":"default","ocean_display_footer_bottom":"default","ocean_custom_footer_template":"0","footnotes":""},"class_list":["post-5524","page","type-page","status-publish","hentry","entry"],"featured_image_src":null,"uagb_featured_image_src":{"full":false,"thumbnail":false,"medium":false,"medium_large":false,"large":false,"1536x1536":false,"2048x2048":false,"ocean-thumb-m":false,"ocean-thumb-ml":false,"ocean-thumb-l":false},"uagb_author_info":{"display_name":"Susanne M\u00fcller-K\u00f6lmel","author_link":"https:\/\/smk-art.de\/art\/author\/susanne\/"},"uagb_comment_info":0,"uagb_excerpt":"Susanne M\u00fcller-K\u00f6lmel setzt in&nbsp;\u201eonce upon a time\u201c&nbsp;ein vielschichtiges unvollendetes Ganzes aus 22 Pappwabenelementen unterschiedlicher St\u00e4rken und Gr\u00f6\u00dfen zusammen. Die Formation lie\u00dfe sich unendlich ausweiten.&nbsp;In der Installation spielt Stofflichkeit eine gro\u00dfe Rolle. Dieses Upcycling mit Ecken und Kanten, Mustern und Strukturen, mit Transparenzen und \u00dcberg\u00e4ngen als Ausdruck einer fragilen aus den Fugen geratenen Welt, thematisiert einerseits&hellip;","_links":{"self":[{"href":"https:\/\/smk-art.de\/art\/wp-json\/wp\/v2\/pages\/5524","targetHints":{"allow":["GET"]}}],"collection":[{"href":"https:\/\/smk-art.de\/art\/wp-json\/wp\/v2\/pages"}],"about":[{"href":"https:\/\/smk-art.de\/art\/wp-json\/wp\/v2\/types\/page"}],"author":[{"embeddable":true,"href":"https:\/\/smk-art.de\/art\/wp-json\/wp\/v2\/users\/2"}],"replies":[{"embeddable":true,"href":"https:\/\/smk-art.de\/art\/wp-json\/wp\/v2\/comments?post=5524"}],"version-history":[{"count":5,"href":"https:\/\/smk-art.de\/art\/wp-json\/wp\/v2\/pages\/5524\/revisions"}],"predecessor-version":[{"id":5818,"href":"https:\/\/smk-art.de\/art\/wp-json\/wp\/v2\/pages\/5524\/revisions\/5818"}],"wp:attachment":[{"href":"https:\/\/smk-art.de\/art\/wp-json\/wp\/v2\/media?parent=5524"}],"curies":[{"name":"wp","href":"https:\/\/api.w.org\/{rel}","templated":true}]}}