{"id":6239,"date":"2023-02-27T11:20:50","date_gmt":"2023-02-27T09:20:50","guid":{"rendered":"https:\/\/smk-art.de\/art\/?page_id=6239"},"modified":"2024-02-12T22:49:25","modified_gmt":"2024-02-12T20:49:25","slug":"museumspaedagogik","status":"publish","type":"page","link":"https:\/\/smk-art.de\/art\/museumspaedagogik\/","title":{"rendered":"Museumsp\u00e4dagogik"},"content":{"rendered":"\n<figure class=\"wp-block-gallery has-nested-images columns-default is-cropped wp-block-gallery-1 is-layout-flex wp-block-gallery-is-layout-flex\">\n<figure class=\"wp-block-image size-large\"><img loading=\"lazy\" decoding=\"async\" width=\"960\" height=\"960\" data-id=\"6241\" src=\"https:\/\/smk-art.de\/art\/wp-content\/uploads\/2023\/02\/museumspaedagogik1-kum-sg-2-23-susanne-mueller-koelmel.jpg\" alt=\"\" class=\"wp-image-6241\" srcset=\"https:\/\/smk-art.de\/art\/wp-content\/uploads\/2023\/02\/museumspaedagogik1-kum-sg-2-23-susanne-mueller-koelmel.jpg 960w, https:\/\/smk-art.de\/art\/wp-content\/uploads\/2023\/02\/museumspaedagogik1-kum-sg-2-23-susanne-mueller-koelmel-300x300.jpg 300w, https:\/\/smk-art.de\/art\/wp-content\/uploads\/2023\/02\/museumspaedagogik1-kum-sg-2-23-susanne-mueller-koelmel-280x280.jpg 280w, https:\/\/smk-art.de\/art\/wp-content\/uploads\/2023\/02\/museumspaedagogik1-kum-sg-2-23-susanne-mueller-koelmel-768x768.jpg 768w, https:\/\/smk-art.de\/art\/wp-content\/uploads\/2023\/02\/museumspaedagogik1-kum-sg-2-23-susanne-mueller-koelmel-600x600.jpg 600w\" sizes=\"auto, (max-width: 960px) 100vw, 960px\" \/><\/figure>\n\n\n\n<figure class=\"wp-block-image size-large\"><img loading=\"lazy\" decoding=\"async\" width=\"960\" height=\"960\" data-id=\"6240\" src=\"https:\/\/smk-art.de\/art\/wp-content\/uploads\/2023\/02\/museumspaedagogik2-km-sg-2-23-susanne-mueller-koelmel.jpg\" alt=\"\" class=\"wp-image-6240\" srcset=\"https:\/\/smk-art.de\/art\/wp-content\/uploads\/2023\/02\/museumspaedagogik2-km-sg-2-23-susanne-mueller-koelmel.jpg 960w, https:\/\/smk-art.de\/art\/wp-content\/uploads\/2023\/02\/museumspaedagogik2-km-sg-2-23-susanne-mueller-koelmel-300x300.jpg 300w, https:\/\/smk-art.de\/art\/wp-content\/uploads\/2023\/02\/museumspaedagogik2-km-sg-2-23-susanne-mueller-koelmel-280x280.jpg 280w, https:\/\/smk-art.de\/art\/wp-content\/uploads\/2023\/02\/museumspaedagogik2-km-sg-2-23-susanne-mueller-koelmel-768x768.jpg 768w, https:\/\/smk-art.de\/art\/wp-content\/uploads\/2023\/02\/museumspaedagogik2-km-sg-2-23-susanne-mueller-koelmel-600x600.jpg 600w\" sizes=\"auto, (max-width: 960px) 100vw, 960px\" \/><\/figure>\n<\/figure>\n\n\n\n<p>Seminare und Workshops mit Kindern und Erwachsenen zum Beispiel im <a rel=\"noreferrer noopener\" href=\"https:\/\/www.kunstmuseum-solingen.de\/kunstvermittlung\/aktuell\/\" target=\"_blank\">Kunstmuseum Solingen<\/a>.<\/p>\n\n\n\n<p><a rel=\"noreferrer noopener\" href=\"https:\/\/www.youtube.com\/watch?v=9w36VqKQIQ8\" target=\"_blank\">Kunstvermittlung im Kunstmuseum Solingen<\/a> Ausstellungsbesuch und Arbeit im Atelier mit K\u00fcnstlerin Susanne M\u00fcller-K\u00f6lmel vom Verein Solinger K\u00fcnstler e.V. im Kunstmuseum Solingen. WOW \u2013 Susanne M\u00fcller-K\u00f6lmel ist eine \u201eechte\u201c K\u00fcnstlerin(!) und zeigte in der Ausstellung &#8222;Side by Side&#8220; die Bilder der Ausstellung. Im Museum wurde gezeichnet und anschlie\u00dfend im Museumsatelier gemalt. Dazu gab es Tipps vom Profi und sp\u00e4ter eine kleine Ausstellung. (F\u00fcr Kinder ab 6 Jahren)<\/p>\n","protected":false},"excerpt":{"rendered":"<p>Seminare und Workshops mit Kindern und Erwachsenen zum Beispiel im Kunstmuseum Solingen. Kunstvermittlung im Kunstmuseum Solingen Ausstellungsbesuch und Arbeit im Atelier mit K\u00fcnstlerin Susanne M\u00fcller-K\u00f6lmel vom Verein Solinger K\u00fcnstler e.V. im Kunstmuseum Solingen. WOW \u2013 Susanne M\u00fcller-K\u00f6lmel ist eine \u201eechte\u201c K\u00fcnstlerin(!) und zeigte in der Ausstellung &#8222;Side by Side&#8220; die Bilder der Ausstellung. Im Museum [&hellip;]<\/p>\n","protected":false},"author":2,"featured_media":0,"parent":0,"menu_order":0,"comment_status":"closed","ping_status":"closed","template":"","meta":{"_uag_custom_page_level_css":"","pgc_sgb_lightbox_settings":"","ocean_post_layout":"","ocean_both_sidebars_style":"","ocean_both_sidebars_content_width":0,"ocean_both_sidebars_sidebars_width":0,"ocean_sidebar":"0","ocean_second_sidebar":"0","ocean_disable_margins":"enable","ocean_add_body_class":"","ocean_shortcode_before_top_bar":"","ocean_shortcode_after_top_bar":"","ocean_shortcode_before_header":"","ocean_shortcode_after_header":"","ocean_has_shortcode":"","ocean_shortcode_after_title":"","ocean_shortcode_before_footer_widgets":"","ocean_shortcode_after_footer_widgets":"","ocean_shortcode_before_footer_bottom":"","ocean_shortcode_after_footer_bottom":"","ocean_display_top_bar":"default","ocean_display_header":"default","ocean_header_style":"","ocean_center_header_left_menu":"0","ocean_custom_header_template":"0","ocean_custom_logo":0,"ocean_custom_retina_logo":0,"ocean_custom_logo_max_width":0,"ocean_custom_logo_tablet_max_width":0,"ocean_custom_logo_mobile_max_width":0,"ocean_custom_logo_max_height":0,"ocean_custom_logo_tablet_max_height":0,"ocean_custom_logo_mobile_max_height":0,"ocean_header_custom_menu":"0","ocean_menu_typo_font_family":"0","ocean_menu_typo_font_subset":"","ocean_menu_typo_font_size":0,"ocean_menu_typo_font_size_tablet":0,"ocean_menu_typo_font_size_mobile":0,"ocean_menu_typo_font_size_unit":"px","ocean_menu_typo_font_weight":"","ocean_menu_typo_font_weight_tablet":"","ocean_menu_typo_font_weight_mobile":"","ocean_menu_typo_transform":"","ocean_menu_typo_transform_tablet":"","ocean_menu_typo_transform_mobile":"","ocean_menu_typo_line_height":0,"ocean_menu_typo_line_height_tablet":0,"ocean_menu_typo_line_height_mobile":0,"ocean_menu_typo_line_height_unit":"","ocean_menu_typo_spacing":0,"ocean_menu_typo_spacing_tablet":0,"ocean_menu_typo_spacing_mobile":0,"ocean_menu_typo_spacing_unit":"","ocean_menu_link_color":"","ocean_menu_link_color_hover":"","ocean_menu_link_color_active":"","ocean_menu_link_background":"","ocean_menu_link_hover_background":"","ocean_menu_link_active_background":"","ocean_menu_social_links_bg":"","ocean_menu_social_hover_links_bg":"","ocean_menu_social_links_color":"","ocean_menu_social_hover_links_color":"","ocean_disable_title":"default","ocean_disable_heading":"default","ocean_post_title":"","ocean_post_subheading":"","ocean_post_title_style":"","ocean_post_title_background_color":"","ocean_post_title_background":0,"ocean_post_title_bg_image_position":"","ocean_post_title_bg_image_attachment":"","ocean_post_title_bg_image_repeat":"","ocean_post_title_bg_image_size":"","ocean_post_title_height":0,"ocean_post_title_bg_overlay":0.5,"ocean_post_title_bg_overlay_color":"","ocean_disable_breadcrumbs":"default","ocean_breadcrumbs_color":"","ocean_breadcrumbs_separator_color":"","ocean_breadcrumbs_links_color":"","ocean_breadcrumbs_links_hover_color":"","ocean_display_footer_widgets":"default","ocean_display_footer_bottom":"default","ocean_custom_footer_template":"0","footnotes":""},"class_list":["post-6239","page","type-page","status-publish","hentry","entry"],"featured_image_src":null,"uagb_featured_image_src":{"full":false,"thumbnail":false,"medium":false,"medium_large":false,"large":false,"1536x1536":false,"2048x2048":false,"ocean-thumb-m":false,"ocean-thumb-ml":false,"ocean-thumb-l":false},"uagb_author_info":{"display_name":"Susanne M\u00fcller-K\u00f6lmel","author_link":"https:\/\/smk-art.de\/art\/author\/susanne\/"},"uagb_comment_info":0,"uagb_excerpt":"Seminare und Workshops mit Kindern und Erwachsenen zum Beispiel im Kunstmuseum Solingen. Kunstvermittlung im Kunstmuseum Solingen Ausstellungsbesuch und Arbeit im Atelier mit K\u00fcnstlerin Susanne M\u00fcller-K\u00f6lmel vom Verein Solinger K\u00fcnstler e.V. im Kunstmuseum Solingen. WOW \u2013 Susanne M\u00fcller-K\u00f6lmel ist eine \u201eechte\u201c K\u00fcnstlerin(!) und zeigte in der Ausstellung &#8222;Side by Side&#8220; die Bilder der Ausstellung. Im Museum&hellip;","_links":{"self":[{"href":"https:\/\/smk-art.de\/art\/wp-json\/wp\/v2\/pages\/6239","targetHints":{"allow":["GET"]}}],"collection":[{"href":"https:\/\/smk-art.de\/art\/wp-json\/wp\/v2\/pages"}],"about":[{"href":"https:\/\/smk-art.de\/art\/wp-json\/wp\/v2\/types\/page"}],"author":[{"embeddable":true,"href":"https:\/\/smk-art.de\/art\/wp-json\/wp\/v2\/users\/2"}],"replies":[{"embeddable":true,"href":"https:\/\/smk-art.de\/art\/wp-json\/wp\/v2\/comments?post=6239"}],"version-history":[{"count":2,"href":"https:\/\/smk-art.de\/art\/wp-json\/wp\/v2\/pages\/6239\/revisions"}],"predecessor-version":[{"id":7046,"href":"https:\/\/smk-art.de\/art\/wp-json\/wp\/v2\/pages\/6239\/revisions\/7046"}],"wp:attachment":[{"href":"https:\/\/smk-art.de\/art\/wp-json\/wp\/v2\/media?parent=6239"}],"curies":[{"name":"wp","href":"https:\/\/api.w.org\/{rel}","templated":true}]}}