{"id":6539,"date":"2023-08-02T19:40:36","date_gmt":"2023-08-02T17:40:36","guid":{"rendered":"https:\/\/smk-art.de\/art\/?page_id=6539"},"modified":"2023-08-02T19:40:37","modified_gmt":"2023-08-02T17:40:37","slug":"spezialitaeten","status":"publish","type":"page","link":"https:\/\/smk-art.de\/art\/spezialitaeten\/","title":{"rendered":"Spezialit\u00e4ten"},"content":{"rendered":"\n<p>Seminare  und Workshops an besonderen Orten und \/oder zu besonderen Anl\u00e4ssen &#8211; f\u00fcr gro\u00df und klein.<\/p>\n\n\n\n<p>Haben Sie Interesse und Fragen nehmen Sie gerne Kontakt mit mir auf! Telefon: 0212-2471419 oder E-Mail:\u00a0<a href=\"mailto:susanne@mueller-koelmel.de\">susanne@mueller-koelmel.de<\/a><\/p>\n\n\n<div class=\"wp-block-ub-content-toggle wp-block-ub-content-toggle-block\" id=\"ub-content-toggle-block-5ae022ef-6ba8-4ccf-a22c-e118b24124d1\" data-mobilecollapse=\"false\" data-desktopcollapse=\"false\" data-preventcollapse=\"false\" data-showonlyone=\"false\">\n<div class=\"wp-block-ub-content-toggle-accordion\" style=\"border-color: #f1f1f1;\" id=\"ub-content-toggle-panel-block-\">\n\t\t\t<div class=\"wp-block-ub-content-toggle-accordion-title-wrap\" style=\"background-color: #f1f1f1;\" aria-controls=\"ub-content-toggle-panel-0-5ae022ef-6ba8-4ccf-a22c-e118b24124d1\" tabindex=\"0\">\n\t\t\t<p class=\"wp-block-ub-content-toggle-accordion-title ub-content-toggle-title-5ae022ef-6ba8-4ccf-a22c-e118b24124d1\" style=\"color: #000000; \"> kleine Kostbarkeiten <\/p>\n\t\t\t<div class=\"wp-block-ub-content-toggle-accordion-toggle-wrap right\" style=\"color: #000000;\"><span class=\"wp-block-ub-content-toggle-accordion-state-indicator wp-block-ub-chevron-down open\"><\/span><\/div>\n\t\t<\/div>\n\t\t\t<div role=\"region\" aria-expanded=\"true\" class=\"wp-block-ub-content-toggle-accordion-content-wrap\" id=\"ub-content-toggle-panel-0-5ae022ef-6ba8-4ccf-a22c-e118b24124d1\">\n\n<p>zum Beispiel &#8222;<a href=\"https:\/\/www.youtube.com\/watch?v=J8lC-9Ro2p0\" target=\"_blank\" rel=\"noreferrer noopener\">Malen im Atelier<\/a>&#8222;<\/p>\n\n\n\n<figure class=\"wp-block-gallery has-nested-images columns-default is-cropped wp-block-gallery-1 is-layout-flex wp-block-gallery-is-layout-flex\">\n<figure class=\"wp-block-image size-full\"><img loading=\"lazy\" decoding=\"async\" width=\"960\" height=\"634\" data-id=\"6540\" src=\"https:\/\/smk-art.de\/art\/wp-content\/uploads\/2023\/08\/kostbarkeiten-im-atelier-susanne-mueller-koelmel-s.jpg\" alt=\"\" class=\"wp-image-6540\" srcset=\"https:\/\/smk-art.de\/art\/wp-content\/uploads\/2023\/08\/kostbarkeiten-im-atelier-susanne-mueller-koelmel-s.jpg 960w, https:\/\/smk-art.de\/art\/wp-content\/uploads\/2023\/08\/kostbarkeiten-im-atelier-susanne-mueller-koelmel-s-300x198.jpg 300w, https:\/\/smk-art.de\/art\/wp-content\/uploads\/2023\/08\/kostbarkeiten-im-atelier-susanne-mueller-koelmel-s-768x507.jpg 768w\" sizes=\"auto, (max-width: 960px) 100vw, 960px\" \/><\/figure>\n<\/figure>\n\n<\/div>\n\t\t<\/div>\n<\/div>","protected":false},"excerpt":{"rendered":"<p>Seminare und Workshops an besonderen Orten und \/oder zu besonderen Anl\u00e4ssen &#8211; f\u00fcr gro\u00df und klein. Haben Sie Interesse und Fragen nehmen Sie gerne Kontakt mit mir auf! Telefon: 0212-2471419 oder E-Mail:\u00a0susanne@mueller-koelmel.de<\/p>\n","protected":false},"author":2,"featured_media":0,"parent":0,"menu_order":0,"comment_status":"closed","ping_status":"closed","template":"","meta":{"_uag_custom_page_level_css":"","pgc_sgb_lightbox_settings":"","ocean_post_layout":"","ocean_both_sidebars_style":"","ocean_both_sidebars_content_width":0,"ocean_both_sidebars_sidebars_width":0,"ocean_sidebar":"0","ocean_second_sidebar":"0","ocean_disable_margins":"enable","ocean_add_body_class":"","ocean_shortcode_before_top_bar":"","ocean_shortcode_after_top_bar":"","ocean_shortcode_before_header":"","ocean_shortcode_after_header":"","ocean_has_shortcode":"","ocean_shortcode_after_title":"","ocean_shortcode_before_footer_widgets":"","ocean_shortcode_after_footer_widgets":"","ocean_shortcode_before_footer_bottom":"","ocean_shortcode_after_footer_bottom":"","ocean_display_top_bar":"default","ocean_display_header":"default","ocean_header_style":"","ocean_center_header_left_menu":"0","ocean_custom_header_template":"0","ocean_custom_logo":0,"ocean_custom_retina_logo":0,"ocean_custom_logo_max_width":0,"ocean_custom_logo_tablet_max_width":0,"ocean_custom_logo_mobile_max_width":0,"ocean_custom_logo_max_height":0,"ocean_custom_logo_tablet_max_height":0,"ocean_custom_logo_mobile_max_height":0,"ocean_header_custom_menu":"0","ocean_menu_typo_font_family":"0","ocean_menu_typo_font_subset":"","ocean_menu_typo_font_size":0,"ocean_menu_typo_font_size_tablet":0,"ocean_menu_typo_font_size_mobile":0,"ocean_menu_typo_font_size_unit":"px","ocean_menu_typo_font_weight":"","ocean_menu_typo_font_weight_tablet":"","ocean_menu_typo_font_weight_mobile":"","ocean_menu_typo_transform":"","ocean_menu_typo_transform_tablet":"","ocean_menu_typo_transform_mobile":"","ocean_menu_typo_line_height":0,"ocean_menu_typo_line_height_tablet":0,"ocean_menu_typo_line_height_mobile":0,"ocean_menu_typo_line_height_unit":"","ocean_menu_typo_spacing":0,"ocean_menu_typo_spacing_tablet":0,"ocean_menu_typo_spacing_mobile":0,"ocean_menu_typo_spacing_unit":"","ocean_menu_link_color":"","ocean_menu_link_color_hover":"","ocean_menu_link_color_active":"","ocean_menu_link_background":"","ocean_menu_link_hover_background":"","ocean_menu_link_active_background":"","ocean_menu_social_links_bg":"","ocean_menu_social_hover_links_bg":"","ocean_menu_social_links_color":"","ocean_menu_social_hover_links_color":"","ocean_disable_title":"default","ocean_disable_heading":"default","ocean_post_title":"","ocean_post_subheading":"","ocean_post_title_style":"","ocean_post_title_background_color":"","ocean_post_title_background":0,"ocean_post_title_bg_image_position":"","ocean_post_title_bg_image_attachment":"","ocean_post_title_bg_image_repeat":"","ocean_post_title_bg_image_size":"","ocean_post_title_height":0,"ocean_post_title_bg_overlay":0.5,"ocean_post_title_bg_overlay_color":"","ocean_disable_breadcrumbs":"default","ocean_breadcrumbs_color":"","ocean_breadcrumbs_separator_color":"","ocean_breadcrumbs_links_color":"","ocean_breadcrumbs_links_hover_color":"","ocean_display_footer_widgets":"default","ocean_display_footer_bottom":"default","ocean_custom_footer_template":"0","footnotes":""},"class_list":["post-6539","page","type-page","status-publish","hentry","entry"],"featured_image_src":null,"uagb_featured_image_src":{"full":false,"thumbnail":false,"medium":false,"medium_large":false,"large":false,"1536x1536":false,"2048x2048":false,"ocean-thumb-m":false,"ocean-thumb-ml":false,"ocean-thumb-l":false},"uagb_author_info":{"display_name":"Susanne M\u00fcller-K\u00f6lmel","author_link":"https:\/\/smk-art.de\/art\/author\/susanne\/"},"uagb_comment_info":0,"uagb_excerpt":"Seminare und Workshops an besonderen Orten und \/oder zu besonderen Anl\u00e4ssen &#8211; f\u00fcr gro\u00df und klein. Haben Sie Interesse und Fragen nehmen Sie gerne Kontakt mit mir auf! Telefon: 0212-2471419 oder E-Mail:\u00a0susanne@mueller-koelmel.de","_links":{"self":[{"href":"https:\/\/smk-art.de\/art\/wp-json\/wp\/v2\/pages\/6539","targetHints":{"allow":["GET"]}}],"collection":[{"href":"https:\/\/smk-art.de\/art\/wp-json\/wp\/v2\/pages"}],"about":[{"href":"https:\/\/smk-art.de\/art\/wp-json\/wp\/v2\/types\/page"}],"author":[{"embeddable":true,"href":"https:\/\/smk-art.de\/art\/wp-json\/wp\/v2\/users\/2"}],"replies":[{"embeddable":true,"href":"https:\/\/smk-art.de\/art\/wp-json\/wp\/v2\/comments?post=6539"}],"version-history":[{"count":1,"href":"https:\/\/smk-art.de\/art\/wp-json\/wp\/v2\/pages\/6539\/revisions"}],"predecessor-version":[{"id":6541,"href":"https:\/\/smk-art.de\/art\/wp-json\/wp\/v2\/pages\/6539\/revisions\/6541"}],"wp:attachment":[{"href":"https:\/\/smk-art.de\/art\/wp-json\/wp\/v2\/media?parent=6539"}],"curies":[{"name":"wp","href":"https:\/\/api.w.org\/{rel}","templated":true}]}}