{"id":8594,"date":"2026-02-14T17:35:49","date_gmt":"2026-02-14T15:35:49","guid":{"rendered":"https:\/\/smk-art.de\/art\/?page_id=8594"},"modified":"2026-02-14T18:36:10","modified_gmt":"2026-02-14T16:36:10","slug":"in-limbo","status":"publish","type":"page","link":"https:\/\/smk-art.de\/art\/in-limbo\/","title":{"rendered":"IN LIMBO"},"content":{"rendered":"\n<p>Unter dem Projekttitel\u00a0<em>IN LIMBO<\/em><em>\u00a0<\/em>(in der Schwebe) setzt sich die K\u00fcnstlerin mit der existenziellen und gesellschaftspolitischen\u00a0Fragilit\u00e4t unserer Zeit auseinander.<\/p>\n\n\n\n<p>Die Malerei fungiert als Resonanzraum,\u00a0in dem Unsicherheit, \u00dcberg\u00e4nge und die Zerbrechlichkeit menschlicher\u00a0Erfahrungswelten\u00a0\u00a0thematisiert\u00a0werden.\u00a0Die Werke er\u00f6ffnen Reflexionsr\u00e4ume \u00fcber Haltung, Wandel und\u00a0Verantwortung\u00a0zwischen pers\u00f6nlicher Erfahrung und kollektiver Geschichte.<\/p>\n\n\n\n<p><em>LUMIVISTA * &#8211; EIN SELBSTBILDNIS<\/em>: Das Selbstbildnis ist ein Akt der Selbstvergewisserung. Das Selbst\u00a0ist\u00a0nicht lokalisierbar im Antlitz\u00a0sondern in Erfahrungen. In diesem Zusammenhang ist auch das \u201eMEMORIALBOOKPROJEKT\u00a9\u201c<strong>\u00a0<\/strong>ein Selbstbildnis. Es\u00a0fungiert\u00a0als unterst\u00fctzendes Instrument, als Stellvertreter des Selbst, das sich nicht\u00a0eindeutig\u00a0lokalisieren l\u00e4sst.\u00a0Es h\u00e4lt innere Bewegungen fest und erlaubt ein bewusstes Auseinandersetzen mit den eigenen Erfahrungen. Es begleitet, reflektiert und ordnet die Arbeit. Das Selbst entsteht im Akt der Darstellung,\u00a0durch die Wiederholung.<strong>\u00a0<\/strong>Das Selbstbildnis ist Spiegel, Experiment und Reflexion zugleich.*<em>(heller Ausblick)<\/em><\/p>\n\n\n\n<figure class=\"wp-block-gallery has-nested-images columns-default is-cropped wp-block-gallery-1 is-layout-flex wp-block-gallery-is-layout-flex\">\n<figure class=\"wp-block-image size-large\"><a href=\"https:\/\/smk-art.de\/art\/wp-content\/uploads\/2026\/02\/back-her-up-2025-susanne-mueller-koelmel-s.jpg\"><img loading=\"lazy\" decoding=\"async\" width=\"720\" height=\"960\" data-id=\"8595\" src=\"https:\/\/smk-art.de\/art\/wp-content\/uploads\/2026\/02\/back-her-up-2025-susanne-mueller-koelmel-s.jpg\" alt=\"\" class=\"wp-image-8595\" srcset=\"https:\/\/smk-art.de\/art\/wp-content\/uploads\/2026\/02\/back-her-up-2025-susanne-mueller-koelmel-s.jpg 720w, https:\/\/smk-art.de\/art\/wp-content\/uploads\/2026\/02\/back-her-up-2025-susanne-mueller-koelmel-s-225x300.jpg 225w\" sizes=\"auto, (max-width: 720px) 100vw, 720px\" \/><\/a><\/figure>\n\n\n\n<figure class=\"wp-block-image size-large\"><a href=\"https:\/\/smk-art.de\/art\/wp-content\/uploads\/2026\/02\/das-dazwischen-2026-susanne-mueller-koelmel-s.jpg\"><img loading=\"lazy\" decoding=\"async\" width=\"960\" height=\"640\" data-id=\"8596\" src=\"https:\/\/smk-art.de\/art\/wp-content\/uploads\/2026\/02\/das-dazwischen-2026-susanne-mueller-koelmel-s.jpg\" alt=\"\" class=\"wp-image-8596\" srcset=\"https:\/\/smk-art.de\/art\/wp-content\/uploads\/2026\/02\/das-dazwischen-2026-susanne-mueller-koelmel-s.jpg 960w, https:\/\/smk-art.de\/art\/wp-content\/uploads\/2026\/02\/das-dazwischen-2026-susanne-mueller-koelmel-s-300x200.jpg 300w, https:\/\/smk-art.de\/art\/wp-content\/uploads\/2026\/02\/das-dazwischen-2026-susanne-mueller-koelmel-s-768x512.jpg 768w\" sizes=\"auto, (max-width: 960px) 100vw, 960px\" \/><\/a><\/figure>\n\n\n\n<figure class=\"wp-block-image size-large\"><a href=\"https:\/\/smk-art.de\/art\/wp-content\/uploads\/2026\/02\/lumivista-susanne-mueller-koelmel-s.jpg\"><img loading=\"lazy\" decoding=\"async\" width=\"324\" height=\"960\" data-id=\"8597\" src=\"https:\/\/smk-art.de\/art\/wp-content\/uploads\/2026\/02\/lumivista-susanne-mueller-koelmel-s.jpg\" alt=\"\" class=\"wp-image-8597\" srcset=\"https:\/\/smk-art.de\/art\/wp-content\/uploads\/2026\/02\/lumivista-susanne-mueller-koelmel-s.jpg 324w, https:\/\/smk-art.de\/art\/wp-content\/uploads\/2026\/02\/lumivista-susanne-mueller-koelmel-s-101x300.jpg 101w\" sizes=\"auto, (max-width: 324px) 100vw, 324px\" \/><\/a><\/figure>\n<\/figure>\n\n\n\n<p><em>DAS DAZWISCHEN\u00a0<\/em>ist als existenzielle Verdichtung des Lebens zwischen Geburt und Tod zu lesen. Was in dieser Zeitspanne geschieht, bleibt zu Beginn verborgen; oft erst im R\u00fcckblick erschlie\u00dfen sich die Zusammenh\u00e4nge der Ereignisse.\u00a0Die Komposition ist autobiographisch durchzogen: Links erscheint eine Mutter mit einem S\u00e4ugling, rechts der Vater mit einem Baby (Zwillingsmotiv), das Anfang und Fortdauer symbolisiert. Im Zentrum markiert die Grabst\u00e4tte einer Urnenbestattung an einem frisch gepflanzten Baum das Ende und spannt den Bogen zwischen Geburt und Tod.\u00a0 Zwischen diesen beiden Polen entfaltet sich das Leben in seiner Unvorhersehbarkeit. Die Stabilit\u00e4t ist ungewiss, es bleiben\u00a0Handlungsspielr\u00e4ume und M\u00f6glichkeiten diese Zeitspanne\u00a0\u201ebewusst\u201c zu gestalten.<\/p>\n\n\n\n<p><em>BACK HER UP\u00a0<\/em>thematisiert die fragile Entwicklung der\u00a0Gleichberech-\u00a0tigung, basierend auf Artikel 3 Absatz 2 des Grundgesetzes (Gleichstellung von Mann und Frau). Der Gesetzestext ist in die Malerei eingeschrieben und bildet ein textiles Ger\u00fcst \u2013 eine Art \u201ePatternscape\u201c \u00a9\u00a0<em>(Musterlandschaft).\u00a0<\/em>Das zentrale Motiv verweist auf eine Demonstration f\u00fcr das Frauenwahlrecht in Berlin im November 1912. Die Frauen erscheinen gesichtslos und symbolisieren die vielen Stimmen, die gesellschaftliche Ver\u00e4nderungen tragen. Das Motiv wurde gespiegelt und hinterfragt, inwieweit dieser Fortschritt Bestand hat.\u00a0<em>Back Her Up<\/em>\u00a0verbindet pers\u00f6nliche Position, historische Erinnerung und verfassungsrechtliche Grundlagen zu einem bildnerischen Nachdenken \u00fcber gesellschaftlichen Wandel.\u00a0Die\u00a0Arbeit oszilliert zwischen Mahnung und Hoffnung &#8211; l\u00e4dt ein, die\u00a0Errungenschaften fr\u00fcherer Frauenbewegungen zu w\u00fcrdigen und\u00a0ihre heutige Relevanz zu reflektieren. Gleichberechtigung ist kein statischer Zustand, sondern eine fortlaufende Aufgabe.<\/p>\n","protected":false},"excerpt":{"rendered":"<p>Unter dem Projekttitel\u00a0IN LIMBO\u00a0(in der Schwebe) setzt sich die K\u00fcnstlerin mit der existenziellen und gesellschaftspolitischen\u00a0Fragilit\u00e4t unserer Zeit auseinander. Die Malerei fungiert als Resonanzraum,\u00a0in dem Unsicherheit, \u00dcberg\u00e4nge und die Zerbrechlichkeit menschlicher\u00a0Erfahrungswelten\u00a0\u00a0thematisiert\u00a0werden.\u00a0Die Werke er\u00f6ffnen Reflexionsr\u00e4ume \u00fcber Haltung, Wandel und\u00a0Verantwortung\u00a0zwischen pers\u00f6nlicher Erfahrung und kollektiver Geschichte. LUMIVISTA * &#8211; EIN SELBSTBILDNIS: Das Selbstbildnis ist ein Akt der Selbstvergewisserung. Das [&hellip;]<\/p>\n","protected":false},"author":2,"featured_media":0,"parent":0,"menu_order":0,"comment_status":"closed","ping_status":"closed","template":"","meta":{"_uag_custom_page_level_css":"","pgc_sgb_lightbox_settings":"","ocean_post_layout":"","ocean_both_sidebars_style":"","ocean_both_sidebars_content_width":0,"ocean_both_sidebars_sidebars_width":0,"ocean_sidebar":"","ocean_second_sidebar":"","ocean_disable_margins":"enable","ocean_add_body_class":"","ocean_shortcode_before_top_bar":"","ocean_shortcode_after_top_bar":"","ocean_shortcode_before_header":"","ocean_shortcode_after_header":"","ocean_has_shortcode":"","ocean_shortcode_after_title":"","ocean_shortcode_before_footer_widgets":"","ocean_shortcode_after_footer_widgets":"","ocean_shortcode_before_footer_bottom":"","ocean_shortcode_after_footer_bottom":"","ocean_display_top_bar":"default","ocean_display_header":"default","ocean_header_style":"","ocean_center_header_left_menu":"","ocean_custom_header_template":"","ocean_custom_logo":0,"ocean_custom_retina_logo":0,"ocean_custom_logo_max_width":0,"ocean_custom_logo_tablet_max_width":0,"ocean_custom_logo_mobile_max_width":0,"ocean_custom_logo_max_height":0,"ocean_custom_logo_tablet_max_height":0,"ocean_custom_logo_mobile_max_height":0,"ocean_header_custom_menu":"","ocean_menu_typo_font_family":"","ocean_menu_typo_font_subset":"","ocean_menu_typo_font_size":0,"ocean_menu_typo_font_size_tablet":0,"ocean_menu_typo_font_size_mobile":0,"ocean_menu_typo_font_size_unit":"px","ocean_menu_typo_font_weight":"","ocean_menu_typo_font_weight_tablet":"","ocean_menu_typo_font_weight_mobile":"","ocean_menu_typo_transform":"","ocean_menu_typo_transform_tablet":"","ocean_menu_typo_transform_mobile":"","ocean_menu_typo_line_height":0,"ocean_menu_typo_line_height_tablet":0,"ocean_menu_typo_line_height_mobile":0,"ocean_menu_typo_line_height_unit":"","ocean_menu_typo_spacing":0,"ocean_menu_typo_spacing_tablet":0,"ocean_menu_typo_spacing_mobile":0,"ocean_menu_typo_spacing_unit":"","ocean_menu_link_color":"","ocean_menu_link_color_hover":"","ocean_menu_link_color_active":"","ocean_menu_link_background":"","ocean_menu_link_hover_background":"","ocean_menu_link_active_background":"","ocean_menu_social_links_bg":"","ocean_menu_social_hover_links_bg":"","ocean_menu_social_links_color":"","ocean_menu_social_hover_links_color":"","ocean_disable_title":"default","ocean_disable_heading":"default","ocean_post_title":"","ocean_post_subheading":"","ocean_post_title_style":"","ocean_post_title_background_color":"","ocean_post_title_background":0,"ocean_post_title_bg_image_position":"","ocean_post_title_bg_image_attachment":"","ocean_post_title_bg_image_repeat":"","ocean_post_title_bg_image_size":"","ocean_post_title_height":0,"ocean_post_title_bg_overlay":0.5,"ocean_post_title_bg_overlay_color":"","ocean_disable_breadcrumbs":"default","ocean_breadcrumbs_color":"","ocean_breadcrumbs_separator_color":"","ocean_breadcrumbs_links_color":"","ocean_breadcrumbs_links_hover_color":"","ocean_display_footer_widgets":"default","ocean_display_footer_bottom":"default","ocean_custom_footer_template":"","footnotes":""},"class_list":["post-8594","page","type-page","status-publish","hentry","entry"],"featured_image_src":null,"uagb_featured_image_src":{"full":false,"thumbnail":false,"medium":false,"medium_large":false,"large":false,"1536x1536":false,"2048x2048":false,"ocean-thumb-m":false,"ocean-thumb-ml":false,"ocean-thumb-l":false},"uagb_author_info":{"display_name":"Susanne M\u00fcller-K\u00f6lmel","author_link":"https:\/\/smk-art.de\/art\/author\/susanne\/"},"uagb_comment_info":0,"uagb_excerpt":"Unter dem Projekttitel\u00a0IN LIMBO\u00a0(in der Schwebe) setzt sich die K\u00fcnstlerin mit der existenziellen und gesellschaftspolitischen\u00a0Fragilit\u00e4t unserer Zeit auseinander. Die Malerei fungiert als Resonanzraum,\u00a0in dem Unsicherheit, \u00dcberg\u00e4nge und die Zerbrechlichkeit menschlicher\u00a0Erfahrungswelten\u00a0\u00a0thematisiert\u00a0werden.\u00a0Die Werke er\u00f6ffnen Reflexionsr\u00e4ume \u00fcber Haltung, Wandel und\u00a0Verantwortung\u00a0zwischen pers\u00f6nlicher Erfahrung und kollektiver Geschichte. LUMIVISTA * &#8211; EIN SELBSTBILDNIS: Das Selbstbildnis ist ein Akt der Selbstvergewisserung. Das&hellip;","_links":{"self":[{"href":"https:\/\/smk-art.de\/art\/wp-json\/wp\/v2\/pages\/8594","targetHints":{"allow":["GET"]}}],"collection":[{"href":"https:\/\/smk-art.de\/art\/wp-json\/wp\/v2\/pages"}],"about":[{"href":"https:\/\/smk-art.de\/art\/wp-json\/wp\/v2\/types\/page"}],"author":[{"embeddable":true,"href":"https:\/\/smk-art.de\/art\/wp-json\/wp\/v2\/users\/2"}],"replies":[{"embeddable":true,"href":"https:\/\/smk-art.de\/art\/wp-json\/wp\/v2\/comments?post=8594"}],"version-history":[{"count":2,"href":"https:\/\/smk-art.de\/art\/wp-json\/wp\/v2\/pages\/8594\/revisions"}],"predecessor-version":[{"id":8631,"href":"https:\/\/smk-art.de\/art\/wp-json\/wp\/v2\/pages\/8594\/revisions\/8631"}],"wp:attachment":[{"href":"https:\/\/smk-art.de\/art\/wp-json\/wp\/v2\/media?parent=8594"}],"curies":[{"name":"wp","href":"https:\/\/api.w.org\/{rel}","templated":true}]}}