{"id":8626,"date":"2026-02-14T18:32:15","date_gmt":"2026-02-14T16:32:15","guid":{"rendered":"https:\/\/smk-art.de\/art\/?page_id=8626"},"modified":"2026-02-14T18:33:51","modified_gmt":"2026-02-14T16:33:51","slug":"respect-du-monde","status":"publish","type":"page","link":"https:\/\/smk-art.de\/art\/respect-du-monde\/","title":{"rendered":"RESPECT DU MONDE"},"content":{"rendered":"\n<p><strong>RESPECT DU MONDE<\/strong>&nbsp;ist ein Plattformprojekt, das<strong>&nbsp;<\/strong>k\u00fcnstlerische, soziale und \u00f6kologische Perspektiven verkn\u00fcpft.&nbsp;<\/p>\n\n\n\n<figure class=\"wp-block-gallery has-nested-images columns-4 is-cropped wp-block-gallery-1 is-layout-flex wp-block-gallery-is-layout-flex\">\n<figure class=\"wp-block-image size-large\"><a href=\"https:\/\/smk-art.de\/art\/wp-content\/uploads\/2026\/02\/06-etre-un-all-inclusive-susanne-mueller-koelmel-2026-s.jpg\"><img loading=\"lazy\" decoding=\"async\" width=\"960\" height=\"960\" data-id=\"8610\" src=\"https:\/\/smk-art.de\/art\/wp-content\/uploads\/2026\/02\/06-etre-un-all-inclusive-susanne-mueller-koelmel-2026-s.jpg\" alt=\"\" class=\"wp-image-8610\" srcset=\"https:\/\/smk-art.de\/art\/wp-content\/uploads\/2026\/02\/06-etre-un-all-inclusive-susanne-mueller-koelmel-2026-s.jpg 960w, https:\/\/smk-art.de\/art\/wp-content\/uploads\/2026\/02\/06-etre-un-all-inclusive-susanne-mueller-koelmel-2026-s-300x300.jpg 300w, https:\/\/smk-art.de\/art\/wp-content\/uploads\/2026\/02\/06-etre-un-all-inclusive-susanne-mueller-koelmel-2026-s-280x280.jpg 280w, https:\/\/smk-art.de\/art\/wp-content\/uploads\/2026\/02\/06-etre-un-all-inclusive-susanne-mueller-koelmel-2026-s-768x768.jpg 768w, https:\/\/smk-art.de\/art\/wp-content\/uploads\/2026\/02\/06-etre-un-all-inclusive-susanne-mueller-koelmel-2026-s-600x600.jpg 600w\" sizes=\"auto, (max-width: 960px) 100vw, 960px\" \/><\/a><\/figure>\n\n\n\n<figure class=\"wp-block-image size-large\"><a href=\"https:\/\/smk-art.de\/art\/wp-content\/uploads\/2026\/02\/05-etre-un-one-way-susanne-mueller-koelmel-2026-s.jpg\"><img loading=\"lazy\" decoding=\"async\" width=\"960\" height=\"960\" data-id=\"8609\" src=\"https:\/\/smk-art.de\/art\/wp-content\/uploads\/2026\/02\/05-etre-un-one-way-susanne-mueller-koelmel-2026-s.jpg\" alt=\"\" class=\"wp-image-8609\" srcset=\"https:\/\/smk-art.de\/art\/wp-content\/uploads\/2026\/02\/05-etre-un-one-way-susanne-mueller-koelmel-2026-s.jpg 960w, https:\/\/smk-art.de\/art\/wp-content\/uploads\/2026\/02\/05-etre-un-one-way-susanne-mueller-koelmel-2026-s-300x300.jpg 300w, https:\/\/smk-art.de\/art\/wp-content\/uploads\/2026\/02\/05-etre-un-one-way-susanne-mueller-koelmel-2026-s-280x280.jpg 280w, https:\/\/smk-art.de\/art\/wp-content\/uploads\/2026\/02\/05-etre-un-one-way-susanne-mueller-koelmel-2026-s-768x768.jpg 768w, https:\/\/smk-art.de\/art\/wp-content\/uploads\/2026\/02\/05-etre-un-one-way-susanne-mueller-koelmel-2026-s-600x600.jpg 600w\" sizes=\"auto, (max-width: 960px) 100vw, 960px\" \/><\/a><\/figure>\n\n\n\n<figure class=\"wp-block-image size-large\"><a href=\"https:\/\/smk-art.de\/art\/wp-content\/uploads\/2026\/02\/papilio-ueberlagerung-2-susanne-mueller-koelmel-s.jpg\"><img loading=\"lazy\" decoding=\"async\" width=\"960\" height=\"540\" data-id=\"8621\" src=\"https:\/\/smk-art.de\/art\/wp-content\/uploads\/2026\/02\/papilio-ueberlagerung-2-susanne-mueller-koelmel-s.jpg\" alt=\"\" class=\"wp-image-8621\" srcset=\"https:\/\/smk-art.de\/art\/wp-content\/uploads\/2026\/02\/papilio-ueberlagerung-2-susanne-mueller-koelmel-s.jpg 960w, https:\/\/smk-art.de\/art\/wp-content\/uploads\/2026\/02\/papilio-ueberlagerung-2-susanne-mueller-koelmel-s-300x169.jpg 300w, https:\/\/smk-art.de\/art\/wp-content\/uploads\/2026\/02\/papilio-ueberlagerung-2-susanne-mueller-koelmel-s-768x432.jpg 768w, https:\/\/smk-art.de\/art\/wp-content\/uploads\/2026\/02\/papilio-ueberlagerung-2-susanne-mueller-koelmel-s-800x450.jpg 800w\" sizes=\"auto, (max-width: 960px) 100vw, 960px\" \/><\/a><\/figure>\n\n\n\n<figure class=\"wp-block-image size-large\"><a href=\"https:\/\/smk-art.de\/art\/wp-content\/uploads\/2026\/02\/papilio-germarex-susanne-mueller-koelmel-2-s.jpg\"><img loading=\"lazy\" decoding=\"async\" width=\"720\" height=\"960\" data-id=\"8618\" src=\"https:\/\/smk-art.de\/art\/wp-content\/uploads\/2026\/02\/papilio-germarex-susanne-mueller-koelmel-2-s.jpg\" alt=\"\" class=\"wp-image-8618\" srcset=\"https:\/\/smk-art.de\/art\/wp-content\/uploads\/2026\/02\/papilio-germarex-susanne-mueller-koelmel-2-s.jpg 720w, https:\/\/smk-art.de\/art\/wp-content\/uploads\/2026\/02\/papilio-germarex-susanne-mueller-koelmel-2-s-225x300.jpg 225w\" sizes=\"auto, (max-width: 720px) 100vw, 720px\" \/><\/a><\/figure>\n<\/figure>\n\n\n\n<p>Im Rahmen des internationalen Frauenaustauschs \u201eGERMAREX Deutschland\u2013Marokko 2026\u201c realisiert die freischaffende K\u00fcnstlerin Susanne M\u00fcller-K\u00f6lmel das interdisziplin\u00e4re Kunstprojekt&nbsp;RESPECT DU MONDE. Ihre Beitr\u00e4ge stehen im Einklang mit den Zielen der Vereinten Nationen f\u00fcr nachhaltige Entwicklung, insbesondere&nbsp;Gleichberechtigung, Menschenw\u00fcrde und Klimaschutz.&nbsp;&nbsp;In ihrer k\u00fcnstlerischen Praxis setzt M\u00fcller-K\u00f6lmel visuelle Impulse, die globale Fragestellungen in poetische R\u00e4ume \u00fcbersetzen, in denen das symbiotische Verh\u00e4ltnis zwischen Mensch und Natur in eine reflektierte Wechselwirkung treten.<\/p>\n\n\n\n<p><strong>\u00caTRE UN<\/strong>: Hybride Fotoarbeiten verbinden klassische Malerei mit zeitgen\u00f6ssischer Fotografie. Figurative \u00d6lgem\u00e4lde, die menschliche Figuren darstellen, wurden digital mit Naturfotografien \u00fcberlagert und anschlie\u00dfend auf Acrylglas&nbsp;<em>(F\u00e8s)&nbsp;<\/em>oder lange Stoffbahnen&nbsp;<em>(Hattingen)&nbsp;<\/em>gedruckt.&nbsp;Es entsteht ein Kontrast zwischen malerischer Handschrift und fotografischer Realit\u00e4t. Die vielschichtige Bildsprache schl\u00e4gt eine Br\u00fccke zwischen Verletzlichkeit und Verantwortung und verweist auf die symbiotische Beziehung zwischen Mensch, Umwelt und Klima.&nbsp;\u00caTRE UN reflektiert die prek\u00e4re Balance zwischen menschlicher Existenz und \u00f6kologischen Lebensr\u00e4umen.&nbsp;<\/p>\n\n\n\n<figure class=\"wp-block-gallery has-nested-images columns-default is-cropped wp-block-gallery-2 is-layout-flex wp-block-gallery-is-layout-flex\">\n<figure class=\"wp-block-image size-large\"><a href=\"https:\/\/smk-art.de\/art\/wp-content\/uploads\/2026\/02\/06-etre-un-all-inclusive-susanne-mueller-koelmel-2026-s.jpg\"><img loading=\"lazy\" decoding=\"async\" width=\"960\" height=\"960\" data-id=\"8610\" src=\"https:\/\/smk-art.de\/art\/wp-content\/uploads\/2026\/02\/06-etre-un-all-inclusive-susanne-mueller-koelmel-2026-s.jpg\" alt=\"\" class=\"wp-image-8610\" srcset=\"https:\/\/smk-art.de\/art\/wp-content\/uploads\/2026\/02\/06-etre-un-all-inclusive-susanne-mueller-koelmel-2026-s.jpg 960w, https:\/\/smk-art.de\/art\/wp-content\/uploads\/2026\/02\/06-etre-un-all-inclusive-susanne-mueller-koelmel-2026-s-300x300.jpg 300w, https:\/\/smk-art.de\/art\/wp-content\/uploads\/2026\/02\/06-etre-un-all-inclusive-susanne-mueller-koelmel-2026-s-280x280.jpg 280w, https:\/\/smk-art.de\/art\/wp-content\/uploads\/2026\/02\/06-etre-un-all-inclusive-susanne-mueller-koelmel-2026-s-768x768.jpg 768w, https:\/\/smk-art.de\/art\/wp-content\/uploads\/2026\/02\/06-etre-un-all-inclusive-susanne-mueller-koelmel-2026-s-600x600.jpg 600w\" sizes=\"auto, (max-width: 960px) 100vw, 960px\" \/><\/a><\/figure>\n\n\n\n<figure class=\"wp-block-image size-large\"><a href=\"https:\/\/smk-art.de\/art\/wp-content\/uploads\/2026\/02\/04-etre-un-soup-kitchen-susanne-mueller-koelmel-2026-s.jpg\"><img loading=\"lazy\" decoding=\"async\" width=\"960\" height=\"960\" data-id=\"8608\" src=\"https:\/\/smk-art.de\/art\/wp-content\/uploads\/2026\/02\/04-etre-un-soup-kitchen-susanne-mueller-koelmel-2026-s.jpg\" alt=\"\" class=\"wp-image-8608\" srcset=\"https:\/\/smk-art.de\/art\/wp-content\/uploads\/2026\/02\/04-etre-un-soup-kitchen-susanne-mueller-koelmel-2026-s.jpg 960w, https:\/\/smk-art.de\/art\/wp-content\/uploads\/2026\/02\/04-etre-un-soup-kitchen-susanne-mueller-koelmel-2026-s-300x300.jpg 300w, https:\/\/smk-art.de\/art\/wp-content\/uploads\/2026\/02\/04-etre-un-soup-kitchen-susanne-mueller-koelmel-2026-s-280x280.jpg 280w, https:\/\/smk-art.de\/art\/wp-content\/uploads\/2026\/02\/04-etre-un-soup-kitchen-susanne-mueller-koelmel-2026-s-768x768.jpg 768w, https:\/\/smk-art.de\/art\/wp-content\/uploads\/2026\/02\/04-etre-un-soup-kitchen-susanne-mueller-koelmel-2026-s-600x600.jpg 600w\" sizes=\"auto, (max-width: 960px) 100vw, 960px\" \/><\/a><\/figure>\n\n\n\n<figure class=\"wp-block-image size-large\"><a href=\"https:\/\/smk-art.de\/art\/wp-content\/uploads\/2026\/02\/05-etre-un-one-way-susanne-mueller-koelmel-2026-s.jpg\"><img loading=\"lazy\" decoding=\"async\" width=\"960\" height=\"960\" data-id=\"8609\" src=\"https:\/\/smk-art.de\/art\/wp-content\/uploads\/2026\/02\/05-etre-un-one-way-susanne-mueller-koelmel-2026-s.jpg\" alt=\"\" class=\"wp-image-8609\" srcset=\"https:\/\/smk-art.de\/art\/wp-content\/uploads\/2026\/02\/05-etre-un-one-way-susanne-mueller-koelmel-2026-s.jpg 960w, https:\/\/smk-art.de\/art\/wp-content\/uploads\/2026\/02\/05-etre-un-one-way-susanne-mueller-koelmel-2026-s-300x300.jpg 300w, https:\/\/smk-art.de\/art\/wp-content\/uploads\/2026\/02\/05-etre-un-one-way-susanne-mueller-koelmel-2026-s-280x280.jpg 280w, https:\/\/smk-art.de\/art\/wp-content\/uploads\/2026\/02\/05-etre-un-one-way-susanne-mueller-koelmel-2026-s-768x768.jpg 768w, https:\/\/smk-art.de\/art\/wp-content\/uploads\/2026\/02\/05-etre-un-one-way-susanne-mueller-koelmel-2026-s-600x600.jpg 600w\" sizes=\"auto, (max-width: 960px) 100vw, 960px\" \/><\/a><\/figure>\n\n\n\n<figure class=\"wp-block-image size-large\"><a href=\"https:\/\/smk-art.de\/art\/wp-content\/uploads\/2026\/02\/03-etre-un-coffee-to-go-susanne-mueller-koelme-2026-s.jpg\"><img loading=\"lazy\" decoding=\"async\" width=\"960\" height=\"960\" data-id=\"8607\" src=\"https:\/\/smk-art.de\/art\/wp-content\/uploads\/2026\/02\/03-etre-un-coffee-to-go-susanne-mueller-koelme-2026-s.jpg\" alt=\"\" class=\"wp-image-8607\" srcset=\"https:\/\/smk-art.de\/art\/wp-content\/uploads\/2026\/02\/03-etre-un-coffee-to-go-susanne-mueller-koelme-2026-s.jpg 960w, https:\/\/smk-art.de\/art\/wp-content\/uploads\/2026\/02\/03-etre-un-coffee-to-go-susanne-mueller-koelme-2026-s-300x300.jpg 300w, https:\/\/smk-art.de\/art\/wp-content\/uploads\/2026\/02\/03-etre-un-coffee-to-go-susanne-mueller-koelme-2026-s-280x280.jpg 280w, https:\/\/smk-art.de\/art\/wp-content\/uploads\/2026\/02\/03-etre-un-coffee-to-go-susanne-mueller-koelme-2026-s-768x768.jpg 768w, https:\/\/smk-art.de\/art\/wp-content\/uploads\/2026\/02\/03-etre-un-coffee-to-go-susanne-mueller-koelme-2026-s-600x600.jpg 600w\" sizes=\"auto, (max-width: 960px) 100vw, 960px\" \/><\/a><\/figure>\n\n\n\n<figure class=\"wp-block-image size-large\"><a href=\"https:\/\/smk-art.de\/art\/wp-content\/uploads\/2026\/02\/02-etre-un-shopping-susanne-mueller-koelmel-2026-s.jpg\"><img loading=\"lazy\" decoding=\"async\" width=\"960\" height=\"960\" data-id=\"8606\" src=\"https:\/\/smk-art.de\/art\/wp-content\/uploads\/2026\/02\/02-etre-un-shopping-susanne-mueller-koelmel-2026-s.jpg\" alt=\"\" class=\"wp-image-8606\" srcset=\"https:\/\/smk-art.de\/art\/wp-content\/uploads\/2026\/02\/02-etre-un-shopping-susanne-mueller-koelmel-2026-s.jpg 960w, https:\/\/smk-art.de\/art\/wp-content\/uploads\/2026\/02\/02-etre-un-shopping-susanne-mueller-koelmel-2026-s-300x300.jpg 300w, https:\/\/smk-art.de\/art\/wp-content\/uploads\/2026\/02\/02-etre-un-shopping-susanne-mueller-koelmel-2026-s-280x280.jpg 280w, https:\/\/smk-art.de\/art\/wp-content\/uploads\/2026\/02\/02-etre-un-shopping-susanne-mueller-koelmel-2026-s-768x768.jpg 768w, https:\/\/smk-art.de\/art\/wp-content\/uploads\/2026\/02\/02-etre-un-shopping-susanne-mueller-koelmel-2026-s-600x600.jpg 600w\" sizes=\"auto, (max-width: 960px) 100vw, 960px\" \/><\/a><\/figure>\n\n\n\n<figure class=\"wp-block-image size-large\"><a href=\"https:\/\/smk-art.de\/art\/wp-content\/uploads\/2026\/02\/01-etre-un-collecte-susanne-mueller-koelmel-2026-s.jpg\"><img loading=\"lazy\" decoding=\"async\" width=\"960\" height=\"960\" data-id=\"8605\" src=\"https:\/\/smk-art.de\/art\/wp-content\/uploads\/2026\/02\/01-etre-un-collecte-susanne-mueller-koelmel-2026-s.jpg\" alt=\"\" class=\"wp-image-8605\" srcset=\"https:\/\/smk-art.de\/art\/wp-content\/uploads\/2026\/02\/01-etre-un-collecte-susanne-mueller-koelmel-2026-s.jpg 960w, https:\/\/smk-art.de\/art\/wp-content\/uploads\/2026\/02\/01-etre-un-collecte-susanne-mueller-koelmel-2026-s-300x300.jpg 300w, https:\/\/smk-art.de\/art\/wp-content\/uploads\/2026\/02\/01-etre-un-collecte-susanne-mueller-koelmel-2026-s-280x280.jpg 280w, https:\/\/smk-art.de\/art\/wp-content\/uploads\/2026\/02\/01-etre-un-collecte-susanne-mueller-koelmel-2026-s-768x768.jpg 768w, https:\/\/smk-art.de\/art\/wp-content\/uploads\/2026\/02\/01-etre-un-collecte-susanne-mueller-koelmel-2026-s-600x600.jpg 600w\" sizes=\"auto, (max-width: 960px) 100vw, 960px\" \/><\/a><\/figure>\n<\/figure>\n\n\n\n<p><strong>PAPILIO:<\/strong>&nbsp;Inspiriert durch pers\u00f6nliche Beobachtungen in Schauh\u00e4usern des Botanischen Gartens M\u00fcnchen-Nymphenburg, \u00fcbersetzt Susanne M\u00fcller-K\u00f6lmel dieses Naturph\u00e4nomen mittels hautfarbenem Feinstrumpfgewebe in eine k\u00fcnstlerische Metapher f\u00fcr Resilienz, Lebensfreude und Ver\u00e4nderung. PAPILIO&nbsp;er\u00f6ffnet poetische R\u00e4ume, in denen Wandlung und Entfaltung erfahrbar werden.<\/p>\n\n\n\n<figure class=\"wp-block-gallery has-nested-images columns-4 is-cropped wp-block-gallery-3 is-layout-flex wp-block-gallery-is-layout-flex\">\n<figure class=\"wp-block-image size-large\"><a href=\"https:\/\/smk-art.de\/art\/wp-content\/uploads\/2026\/02\/papilio-ueberlagerung-2-susanne-mueller-koelmel-s.jpg\"><img loading=\"lazy\" decoding=\"async\" width=\"960\" height=\"540\" data-id=\"8621\" src=\"https:\/\/smk-art.de\/art\/wp-content\/uploads\/2026\/02\/papilio-ueberlagerung-2-susanne-mueller-koelmel-s.jpg\" alt=\"\" class=\"wp-image-8621\" srcset=\"https:\/\/smk-art.de\/art\/wp-content\/uploads\/2026\/02\/papilio-ueberlagerung-2-susanne-mueller-koelmel-s.jpg 960w, https:\/\/smk-art.de\/art\/wp-content\/uploads\/2026\/02\/papilio-ueberlagerung-2-susanne-mueller-koelmel-s-300x169.jpg 300w, https:\/\/smk-art.de\/art\/wp-content\/uploads\/2026\/02\/papilio-ueberlagerung-2-susanne-mueller-koelmel-s-768x432.jpg 768w, https:\/\/smk-art.de\/art\/wp-content\/uploads\/2026\/02\/papilio-ueberlagerung-2-susanne-mueller-koelmel-s-800x450.jpg 800w\" sizes=\"auto, (max-width: 960px) 100vw, 960px\" \/><\/a><\/figure>\n\n\n\n<figure class=\"wp-block-image size-large\"><a href=\"https:\/\/smk-art.de\/art\/wp-content\/uploads\/2026\/02\/papilio-germarex-susanne-mueller-koelmel-s.jpg\"><img loading=\"lazy\" decoding=\"async\" width=\"770\" height=\"960\" data-id=\"8619\" src=\"https:\/\/smk-art.de\/art\/wp-content\/uploads\/2026\/02\/papilio-germarex-susanne-mueller-koelmel-s.jpg\" alt=\"\" class=\"wp-image-8619\" srcset=\"https:\/\/smk-art.de\/art\/wp-content\/uploads\/2026\/02\/papilio-germarex-susanne-mueller-koelmel-s.jpg 770w, https:\/\/smk-art.de\/art\/wp-content\/uploads\/2026\/02\/papilio-germarex-susanne-mueller-koelmel-s-241x300.jpg 241w, https:\/\/smk-art.de\/art\/wp-content\/uploads\/2026\/02\/papilio-germarex-susanne-mueller-koelmel-s-768x958.jpg 768w\" sizes=\"auto, (max-width: 770px) 100vw, 770px\" \/><\/a><\/figure>\n\n\n\n<figure class=\"wp-block-image size-large\"><a href=\"https:\/\/smk-art.de\/art\/wp-content\/uploads\/2026\/02\/papilio-germarex-susanne-mueller-koelmel-2-s.jpg\"><img loading=\"lazy\" decoding=\"async\" width=\"720\" height=\"960\" data-id=\"8618\" src=\"https:\/\/smk-art.de\/art\/wp-content\/uploads\/2026\/02\/papilio-germarex-susanne-mueller-koelmel-2-s.jpg\" alt=\"\" class=\"wp-image-8618\" srcset=\"https:\/\/smk-art.de\/art\/wp-content\/uploads\/2026\/02\/papilio-germarex-susanne-mueller-koelmel-2-s.jpg 720w, https:\/\/smk-art.de\/art\/wp-content\/uploads\/2026\/02\/papilio-germarex-susanne-mueller-koelmel-2-s-225x300.jpg 225w\" sizes=\"auto, (max-width: 720px) 100vw, 720px\" \/><\/a><\/figure>\n\n\n\n<figure class=\"wp-block-image size-large\"><a href=\"https:\/\/smk-art.de\/art\/wp-content\/uploads\/2026\/02\/papilio-ueberlagerung-1-susanne-mueller-koelmel-s.jpg\"><img loading=\"lazy\" decoding=\"async\" width=\"960\" height=\"539\" data-id=\"8620\" src=\"https:\/\/smk-art.de\/art\/wp-content\/uploads\/2026\/02\/papilio-ueberlagerung-1-susanne-mueller-koelmel-s.jpg\" alt=\"\" class=\"wp-image-8620\" srcset=\"https:\/\/smk-art.de\/art\/wp-content\/uploads\/2026\/02\/papilio-ueberlagerung-1-susanne-mueller-koelmel-s.jpg 960w, https:\/\/smk-art.de\/art\/wp-content\/uploads\/2026\/02\/papilio-ueberlagerung-1-susanne-mueller-koelmel-s-300x168.jpg 300w, https:\/\/smk-art.de\/art\/wp-content\/uploads\/2026\/02\/papilio-ueberlagerung-1-susanne-mueller-koelmel-s-768x431.jpg 768w, https:\/\/smk-art.de\/art\/wp-content\/uploads\/2026\/02\/papilio-ueberlagerung-1-susanne-mueller-koelmel-s-800x450.jpg 800w\" sizes=\"auto, (max-width: 960px) 100vw, 960px\" \/><\/a><\/figure>\n<\/figure>\n","protected":false},"excerpt":{"rendered":"<p>RESPECT DU MONDE&nbsp;ist ein Plattformprojekt, das&nbsp;k\u00fcnstlerische, soziale und \u00f6kologische Perspektiven verkn\u00fcpft.&nbsp; Im Rahmen des internationalen Frauenaustauschs \u201eGERMAREX Deutschland\u2013Marokko 2026\u201c realisiert die freischaffende K\u00fcnstlerin Susanne M\u00fcller-K\u00f6lmel das interdisziplin\u00e4re Kunstprojekt&nbsp;RESPECT DU MONDE. Ihre Beitr\u00e4ge stehen im Einklang mit den Zielen der Vereinten Nationen f\u00fcr nachhaltige Entwicklung, insbesondere&nbsp;Gleichberechtigung, Menschenw\u00fcrde und Klimaschutz.&nbsp;&nbsp;In ihrer k\u00fcnstlerischen Praxis setzt M\u00fcller-K\u00f6lmel visuelle Impulse, [&hellip;]<\/p>\n","protected":false},"author":2,"featured_media":0,"parent":0,"menu_order":0,"comment_status":"closed","ping_status":"closed","template":"","meta":{"_uag_custom_page_level_css":"","pgc_sgb_lightbox_settings":"","ocean_post_layout":"","ocean_both_sidebars_style":"","ocean_both_sidebars_content_width":0,"ocean_both_sidebars_sidebars_width":0,"ocean_sidebar":"","ocean_second_sidebar":"","ocean_disable_margins":"enable","ocean_add_body_class":"","ocean_shortcode_before_top_bar":"","ocean_shortcode_after_top_bar":"","ocean_shortcode_before_header":"","ocean_shortcode_after_header":"","ocean_has_shortcode":"","ocean_shortcode_after_title":"","ocean_shortcode_before_footer_widgets":"","ocean_shortcode_after_footer_widgets":"","ocean_shortcode_before_footer_bottom":"","ocean_shortcode_after_footer_bottom":"","ocean_display_top_bar":"default","ocean_display_header":"default","ocean_header_style":"","ocean_center_header_left_menu":"","ocean_custom_header_template":"","ocean_custom_logo":0,"ocean_custom_retina_logo":0,"ocean_custom_logo_max_width":0,"ocean_custom_logo_tablet_max_width":0,"ocean_custom_logo_mobile_max_width":0,"ocean_custom_logo_max_height":0,"ocean_custom_logo_tablet_max_height":0,"ocean_custom_logo_mobile_max_height":0,"ocean_header_custom_menu":"","ocean_menu_typo_font_family":"","ocean_menu_typo_font_subset":"","ocean_menu_typo_font_size":0,"ocean_menu_typo_font_size_tablet":0,"ocean_menu_typo_font_size_mobile":0,"ocean_menu_typo_font_size_unit":"px","ocean_menu_typo_font_weight":"","ocean_menu_typo_font_weight_tablet":"","ocean_menu_typo_font_weight_mobile":"","ocean_menu_typo_transform":"","ocean_menu_typo_transform_tablet":"","ocean_menu_typo_transform_mobile":"","ocean_menu_typo_line_height":0,"ocean_menu_typo_line_height_tablet":0,"ocean_menu_typo_line_height_mobile":0,"ocean_menu_typo_line_height_unit":"","ocean_menu_typo_spacing":0,"ocean_menu_typo_spacing_tablet":0,"ocean_menu_typo_spacing_mobile":0,"ocean_menu_typo_spacing_unit":"","ocean_menu_link_color":"","ocean_menu_link_color_hover":"","ocean_menu_link_color_active":"","ocean_menu_link_background":"","ocean_menu_link_hover_background":"","ocean_menu_link_active_background":"","ocean_menu_social_links_bg":"","ocean_menu_social_hover_links_bg":"","ocean_menu_social_links_color":"","ocean_menu_social_hover_links_color":"","ocean_disable_title":"default","ocean_disable_heading":"default","ocean_post_title":"","ocean_post_subheading":"","ocean_post_title_style":"","ocean_post_title_background_color":"","ocean_post_title_background":0,"ocean_post_title_bg_image_position":"","ocean_post_title_bg_image_attachment":"","ocean_post_title_bg_image_repeat":"","ocean_post_title_bg_image_size":"","ocean_post_title_height":0,"ocean_post_title_bg_overlay":0.5,"ocean_post_title_bg_overlay_color":"","ocean_disable_breadcrumbs":"default","ocean_breadcrumbs_color":"","ocean_breadcrumbs_separator_color":"","ocean_breadcrumbs_links_color":"","ocean_breadcrumbs_links_hover_color":"","ocean_display_footer_widgets":"default","ocean_display_footer_bottom":"default","ocean_custom_footer_template":"","footnotes":""},"class_list":["post-8626","page","type-page","status-publish","hentry","entry"],"featured_image_src":null,"uagb_featured_image_src":{"full":false,"thumbnail":false,"medium":false,"medium_large":false,"large":false,"1536x1536":false,"2048x2048":false,"ocean-thumb-m":false,"ocean-thumb-ml":false,"ocean-thumb-l":false},"uagb_author_info":{"display_name":"Susanne M\u00fcller-K\u00f6lmel","author_link":"https:\/\/smk-art.de\/art\/author\/susanne\/"},"uagb_comment_info":0,"uagb_excerpt":"RESPECT DU MONDE&nbsp;ist ein Plattformprojekt, das&nbsp;k\u00fcnstlerische, soziale und \u00f6kologische Perspektiven verkn\u00fcpft.&nbsp; Im Rahmen des internationalen Frauenaustauschs \u201eGERMAREX Deutschland\u2013Marokko 2026\u201c realisiert die freischaffende K\u00fcnstlerin Susanne M\u00fcller-K\u00f6lmel das interdisziplin\u00e4re Kunstprojekt&nbsp;RESPECT DU MONDE. Ihre Beitr\u00e4ge stehen im Einklang mit den Zielen der Vereinten Nationen f\u00fcr nachhaltige Entwicklung, insbesondere&nbsp;Gleichberechtigung, Menschenw\u00fcrde und Klimaschutz.&nbsp;&nbsp;In ihrer k\u00fcnstlerischen Praxis setzt M\u00fcller-K\u00f6lmel visuelle Impulse,&hellip;","_links":{"self":[{"href":"https:\/\/smk-art.de\/art\/wp-json\/wp\/v2\/pages\/8626","targetHints":{"allow":["GET"]}}],"collection":[{"href":"https:\/\/smk-art.de\/art\/wp-json\/wp\/v2\/pages"}],"about":[{"href":"https:\/\/smk-art.de\/art\/wp-json\/wp\/v2\/types\/page"}],"author":[{"embeddable":true,"href":"https:\/\/smk-art.de\/art\/wp-json\/wp\/v2\/users\/2"}],"replies":[{"embeddable":true,"href":"https:\/\/smk-art.de\/art\/wp-json\/wp\/v2\/comments?post=8626"}],"version-history":[{"count":3,"href":"https:\/\/smk-art.de\/art\/wp-json\/wp\/v2\/pages\/8626\/revisions"}],"predecessor-version":[{"id":8629,"href":"https:\/\/smk-art.de\/art\/wp-json\/wp\/v2\/pages\/8626\/revisions\/8629"}],"wp:attachment":[{"href":"https:\/\/smk-art.de\/art\/wp-json\/wp\/v2\/media?parent=8626"}],"curies":[{"name":"wp","href":"https:\/\/api.w.org\/{rel}","templated":true}]}}